{"id":9589,"date":"2025-06-26T07:44:17","date_gmt":"2025-06-26T07:44:17","guid":{"rendered":"https:\/\/vivauralb.com\/product\/avene-hyaluron-activ-b3-uclu-duzeltici-gozalti-kremi-15-ml\/"},"modified":"2025-07-02T12:13:45","modified_gmt":"2025-07-02T12:13:45","slug":"avene-hyaluron-activ-b3-uclu-duzeltici-gozalti-kremi-15-ml","status":"publish","type":"product","link":"https:\/\/vivauralb.com\/ar\/product\/avene-hyaluron-activ-b3-uclu-duzeltici-gozalti-kremi-15-ml\/","title":{"rendered":"Avene hyaluron activ B3 \u00fc\u00e7l\u00fc d\u00fczeltici g\u00f6zalt\u0131 kremi 15 ml"},"content":{"rendered":"<p><strong>\u0646\u0638\u0631\u0629 \u0633\u0631\u064a\u0639\u0629 \u0639\u0644\u0649 \u0627\u0644\u0645\u0646\u062a\u062c :<\/strong><\/p>\n<p><strong>3\u2011\u0641\u064a\u20111: \u064a\u0643\u0627\u0641\u062d \u0627\u0644\u062a\u062c\u0627\u0639\u064a\u062f \u0648\u064a\u0646\u0639\u0651\u0645 \u0645\u062d\u064a\u0637 \u0627\u0644\u0639\u064a\u0646\u060c \u064a\u0632\u064a\u0644 \u0627\u0644\u0627\u0646\u062a\u0641\u0627\u062e (bags)\u060c \u0648\u064a\u062e\u0641\u0651\u0641 \u0627\u0644\u0647\u0627\u0644\u0627\u062a \u0627\u0644\u062f\u0627\u0643\u0646\u0629 .<\/strong><\/p>\n<p><strong>\u0627\u0644\u0645\u0644\u0645\u0633: \u0642\u0648\u0627\u0645 \u062c\u0644-\u0643\u0631\u064a\u0645 \u062d\u0631\u064a\u0631\u064a \u0645\u0646\u0639\u0634 \u0648\u0645\u0631\u0637\u0651\u0628 \u0641\u0648\u0631\u064b\u0627\u060c \u064a\u0645\u062a\u0635 \u0628\u0633\u0631\u0639\u0629 \u062f\u0648\u0646 \u0625\u062b\u0642\u0627\u0644 \u0627\u0644\u062c\u0644\u062f<\/strong><\/p>\n<p><strong>\u0645\u0644\u0627\u0621\u0645\u0629 \u062c\u0645\u064a\u0639 \u0623\u0646\u0648\u0627\u0639 \u0627\u0644\u0628\u0634\u0631\u0629\u060c \u0628\u0645\u0627 \u0641\u064a\u0647\u0627 \u0627\u0644\u062d\u0633\u0651\u0627\u0633\u0629\u060c \u0648\u062e\u0627\u0644\u064a\u0629 \u0645\u0646 \u0627\u0644\u0639\u0637\u0648\u0631\u060c \u0627\u0644\u0635\u0627\u0628\u0648\u0646\u060c \u0627\u0644\u0628\u0627\u0631\u0627\u0628\u064a\u0646\u060c \u0627\u0644\u0643\u062d\u0648\u0644\u060c \u0648\u0627\u0644\u0633\u064a\u0644\u064a\u0643\u0648\u0646<\/strong><\/p>\n<p><strong>\u0637\u0631\u064a\u0642\u0629 \u0627\u0644\u0627\u0633\u062a\u062e\u062f\u0627\u0645 :<\/strong><\/p>\n<p><strong>\u0645\u0631\u062a\u064a\u0646 \u064a\u0648\u0645\u064a\u064b\u0627 \u2013 \u0635\u0628\u0627\u062d\u064b\u0627 \u0648\u0645\u0633\u0627\u0621\u064b .<\/strong><\/p>\n<p><strong>\u0627\u0633\u062a\u062e\u062f\u0645\u064a \u0642\u0631\u0635\u0629 \u0628\u062d\u062c\u0645 \u062d\u0628\u0629 \u0627\u0644\u0628\u0627\u0632\u0644\u0627\u0621 \u0644\u0644\u0639\u064a\u0646\u064a\u0646 (\u064a\u0641\u0636\u0651\u0644 \u0639\u062f\u0645 \u0627\u0644\u0627\u0642\u062a\u0631\u0627\u0628 \u0627\u0644\u0634\u062f\u064a\u062f \u0645\u0646 \u0627\u0644\u062c\u0641\u0646) .<\/strong><\/p>\n<p><strong>\u062f\u0644\u0643\u064a \u0628\u0644\u0637\u0641 \u0641\u064a \u0627\u062a\u062c\u0627\u0647 \u0627\u0644\u062e\u0627\u0631\u062c \u062f\u0648\u0646 \u062a\u064f\u0634\u062f\u0651\u064a\u0646 \u0623\u0648 \u062a\u064f\u0632\u0644\u0642\u064a\u0646 \u0627\u0644\u062c\u0644\u062f .<\/strong><\/p>\n<p><strong>\u064a\u0646\u0627\u0633\u0628 \u0645\u062d\u064a\u0637 \u0627\u0644\u0634\u0641\u062a\u064a\u0646 \u0623\u064a\u0636\u064b\u0627 \u0625\u0630\u0627 \u0631\u063a\u0628\u062a\u0650 .<\/strong><\/p>\n<p><strong>\u0627\u062e\u062a\u0627\u0631\u064a \u0637\u0642\u0648\u0633\u0627\u064b \u0645\u0643\u0645\u0644\u0629 \u0645\u062b\u0644 \u0627\u0644\u0633\u064a\u0631\u0648\u0645 \u0645\u0646 \u0646\u0641\u0633 \u0645\u062c\u0645\u0648\u0639\u0629 Hyaluron\u202fB3 \u0644\u062a\u062d\u0642\u064a\u0642 \u0623\u0641\u0636\u0644 \u0627\u0644\u0646\u062a\u0627\u0626\u062c.<\/strong><\/p>","protected":false},"excerpt":{"rendered":"<p>\u0646\u0638\u0631\u0629 \u0633\u0631\u064a\u0639\u0629 \u0639\u0644\u0649 \u0627\u0644\u0645\u0646\u062a\u062c : 3\u2011\u0641\u064a\u20111: \u064a\u0643\u0627\u0641\u062d \u0627\u0644\u062a\u062c\u0627\u0639\u064a\u062f \u0648\u064a\u0646\u0639\u0651\u0645 \u0645\u062d\u064a\u0637 \u0627\u0644\u0639\u064a\u0646\u060c \u064a\u0632\u064a\u0644 \u0627\u0644\u0627\u0646\u062a\u0641\u0627\u062e (bags)\u060c \u0648\u064a\u062e\u0641\u0651\u0641 \u0627\u0644\u0647\u0627\u0644\u0627\u062a \u0627\u0644\u062f\u0627\u0643\u0646\u0629 . \u0627\u0644\u0645\u0644\u0645\u0633: \u0642\u0648\u0627\u0645 [&hellip;]<\/p>","protected":false},"featured_media":9588,"comment_status":"open","ping_status":"closed","template":"","meta":{"_uag_custom_page_level_css":"","site-sidebar-layout":"default","site-content-layout":"","ast-site-content-layout":"","site-content-style":"default","site-sidebar-style":"default","ast-global-header-display":"","ast-banner-title-visibility":"","ast-main-header-display":"","ast-hfb-above-header-display":"","ast-hfb-below-header-display":"","ast-hfb-mobile-header-display":"","site-post-title":"","ast-breadcrumbs-content":"","ast-featured-img":"","footer-sml-layout":"","theme-transparent-header-meta":"","adv-header-id-meta":"","stick-header-meta":"","header-above-stick-meta":"","header-main-stick-meta":"","header-below-stick-meta":"","astra-migrate-meta-layouts":"default","ast-page-background-enabled":"default","ast-page-background-meta":{"desktop":{"background-color":"var(--ast-global-color-4)","background-image":"","background-repeat":"repeat","background-position":"center center","background-size":"auto","background-attachment":"scroll","background-type":"","background-media":"","overlay-type":"","overlay-color":"","overlay-opacity":"","overlay-gradient":""},"tablet":{"background-color":"","background-image":"","background-repeat":"repeat","background-position":"center center","background-size":"auto","background-attachment":"scroll","background-type":"","background-media":"","overlay-type":"","overlay-color":"","overlay-opacity":"","overlay-gradient":""},"mobile":{"background-color":"","background-image":"","background-repeat":"repeat","background-position":"center center","background-size":"auto","background-attachment":"scroll","background-type":"","background-media":"","overlay-type":"","overlay-color":"","overlay-opacity":"","overlay-gradient":""}},"ast-content-background-meta":{"desktop":{"background-color":"var(--ast-global-color-5)","background-image":"","background-repeat":"repeat","background-position":"center center","background-size":"auto","background-attachment":"scroll","background-type":"","background-media":"","overlay-type":"","overlay-color":"","overlay-opacity":"","overlay-gradient":""},"tablet":{"background-color":"var(--ast-global-color-5)","background-image":"","background-repeat":"repeat","background-position":"center center","background-size":"auto","background-attachment":"scroll","background-type":"","background-media":"","overlay-type":"","overlay-color":"","overlay-opacity":"","overlay-gradient":""},"mobile":{"background-color":"var(--ast-global-color-5)","background-image":"","background-repeat":"repeat","background-position":"center center","background-size":"auto","background-attachment":"scroll","background-type":"","background-media":"","overlay-type":"","overlay-color":"","overlay-opacity":"","overlay-gradient":""}}},"product_brand":[],"product_cat":[343,122],"product_tag":[],"class_list":{"0":"post-9589","1":"product","2":"type-product","3":"status-publish","4":"has-post-thumbnail","6":"product_cat-avene","7":"product_cat-cosmetics","8":"desktop-align-center","9":"tablet-align-center","10":"mobile-align-center","12":"first","13":"instock","14":"shipping-taxable","15":"purchasable","16":"product-type-simple"},"aioseo_notices":[],"uagb_featured_image_src":{"full":["https:\/\/vivauralb.com\/wp-content\/uploads\/2025\/06\/img_4286.jpeg",1179,1105,false],"thumbnail":["https:\/\/vivauralb.com\/wp-content\/uploads\/2025\/06\/img_4286-150x150.jpeg",150,150,true],"medium":["https:\/\/vivauralb.com\/wp-content\/uploads\/2025\/06\/img_4286-300x281.jpeg",300,281,true],"medium_large":["https:\/\/vivauralb.com\/wp-content\/uploads\/2025\/06\/img_4286-768x720.jpeg",768,720,true],"large":["https:\/\/vivauralb.com\/wp-content\/uploads\/2025\/06\/img_4286-1024x960.jpeg",1024,960,true],"1536x1536":["https:\/\/vivauralb.com\/wp-content\/uploads\/2025\/06\/img_4286.jpeg",1179,1105,false],"2048x2048":["https:\/\/vivauralb.com\/wp-content\/uploads\/2025\/06\/img_4286.jpeg",1179,1105,false],"trp-custom-language-flag":["https:\/\/vivauralb.com\/wp-content\/uploads\/2025\/06\/img_4286-13x12.jpeg",13,12,true],"woocommerce_thumbnail":["https:\/\/vivauralb.com\/wp-content\/uploads\/2025\/06\/img_4286-300x300.jpeg",300,300,true],"woocommerce_single":["https:\/\/vivauralb.com\/wp-content\/uploads\/2025\/06\/img_4286-600x562.jpeg",600,562,true],"woocommerce_gallery_thumbnail":["https:\/\/vivauralb.com\/wp-content\/uploads\/2025\/06\/img_4286-100x100.jpeg",100,100,true],"dgwt-wcas-product-suggestion":["https:\/\/vivauralb.com\/wp-content\/uploads\/2025\/06\/img_4286-64x60.jpeg",64,60,true]},"uagb_author_info":{"display_name":"Abdelrahman Moussa","author_link":"https:\/\/vivauralb.com\/ar\/author\/"},"uagb_comment_info":0,"uagb_excerpt":"\u0646\u0638\u0631\u0629 \u0633\u0631\u064a\u0639\u0629 \u0639\u0644\u0649 \u0627\u0644\u0645\u0646\u062a\u062c : 3\u2011\u0641\u064a\u20111: \u064a\u0643\u0627\u0641\u062d \u0627\u0644\u062a\u062c\u0627\u0639\u064a\u062f \u0648\u064a\u0646\u0639\u0651\u0645 \u0645\u062d\u064a\u0637 \u0627\u0644\u0639\u064a\u0646\u060c \u064a\u0632\u064a\u0644 \u0627\u0644\u0627\u0646\u062a\u0641\u0627\u062e (bags)\u060c \u0648\u064a\u062e\u0641\u0651\u0641 \u0627\u0644\u0647\u0627\u0644\u0627\u062a \u0627\u0644\u062f\u0627\u0643\u0646\u0629 . \u0627\u0644\u0645\u0644\u0645\u0633: \u0642\u0648\u0627\u0645 [&hellip;]","jetpack_sharing_enabled":true,"_links":{"self":[{"href":"https:\/\/vivauralb.com\/ar\/wp-json\/wp\/v2\/product\/9589","targetHints":{"allow":["GET"]}}],"collection":[{"href":"https:\/\/vivauralb.com\/ar\/wp-json\/wp\/v2\/product"}],"about":[{"href":"https:\/\/vivauralb.com\/ar\/wp-json\/wp\/v2\/types\/product"}],"replies":[{"embeddable":true,"href":"https:\/\/vivauralb.com\/ar\/wp-json\/wp\/v2\/comments?post=9589"}],"wp:featuredmedia":[{"embeddable":true,"href":"https:\/\/vivauralb.com\/ar\/wp-json\/wp\/v2\/media\/9588"}],"wp:attachment":[{"href":"https:\/\/vivauralb.com\/ar\/wp-json\/wp\/v2\/media?parent=9589"}],"wp:term":[{"taxonomy":"product_brand","embeddable":true,"href":"https:\/\/vivauralb.com\/ar\/wp-json\/wp\/v2\/product_brand?post=9589"},{"taxonomy":"product_cat","embeddable":true,"href":"https:\/\/vivauralb.com\/ar\/wp-json\/wp\/v2\/product_cat?post=9589"},{"taxonomy":"product_tag","embeddable":true,"href":"https:\/\/vivauralb.com\/ar\/wp-json\/wp\/v2\/product_tag?post=9589"}],"curies":[{"name":"wp","href":"https:\/\/api.w.org\/{rel}","templated":true}]}}