{"id":9571,"date":"2025-06-25T07:46:46","date_gmt":"2025-06-25T07:46:46","guid":{"rendered":"https:\/\/vivauralb.com\/product\/avene-hyaluron-activ-b3-konsantre-dolgunlastirici-serum-30-ml\/"},"modified":"2025-06-25T07:46:49","modified_gmt":"2025-06-25T07:46:49","slug":"avene-hyaluron-activ-b3-konsantre-dolgunlastirici-serum-30-ml","status":"publish","type":"product","link":"https:\/\/vivauralb.com\/ar\/product\/avene-hyaluron-activ-b3-konsantre-dolgunlastirici-serum-30-ml\/","title":{"rendered":"Avene hyaluron activ B3 konsantre dolgunla\u015ft\u0131r\u0131c\u0131 serum 30 ml"},"content":{"rendered":"<p><strong>\u0645\u0632\u0627\u064a\u0627 \u0627\u0644\u0633\u064a\u0631\u0648\u0645 :<\/strong><\/p>\n<p><strong>\u0641\u0639\u0627\u0644\u064a\u0629 \u0645\u0644\u062d\u0648\u0638\u0629 \u0641\u064a 15 \u064a\u0648\u0645\u064b\u0627: \u062a\u0634\u062f \u0627\u0644\u062e\u0637\u0648\u0637 \u0648\u062a\u062d\u0633\u0646 \u0645\u0644\u0645\u0633 \u0627\u0644\u0628\u0634\u0631\u0629 .<\/strong><\/p>\n<p><strong>\u0641\u0648\u0631\u064a\u064b\u0627: \u064a\u0645\u0646\u062d \u0625\u062d\u0633\u0627\u0633\u064b\u0627 \u0628\u0627\u0644\u0627\u0645\u062a\u0644\u0627\u0621 \u0641\u064a 4 \u0633\u0627\u0639\u0627\u062a \u062a\u0642\u0631\u064a\u0628\u064b\u0627 .<\/strong><\/p>\n<p><strong>\u0635\u0627\u0644\u062d \u0644\u062c\u0645\u064a\u0639 \u0623\u0646\u0648\u0627\u0639 \u0627\u0644\u0628\u0634\u0631\u0629\u060c \u0628\u0645\u0627 \u0641\u064a\u0647\u0627 \u0627\u0644\u062d\u0633\u0627\u0633\u0629\u061b \u062e\u0627\u0644\u064d \u0645\u0646 \u0627\u0644\u0639\u0637\u0648\u0631 \u0648\u0627\u0644\u0628\u0627\u0631\u0627\u0628\u064a\u0646 \u0648\u0627\u0644\u0633\u0644\u064a\u0643\u0648\u0646\u0627\u062a .<\/strong><\/p>\n<p><strong>\u0646\u062a\u0627\u0626\u062c \u0633\u0631\u064a\u0639\u0629: \u0628\u0623\u0642\u0648\u0627\u0644 \u0627\u0644\u0645\u0633\u062a\u062e\u062f\u0645\u064a\u0646 \u201c\u064a\u0632\u0648\u062f \u0627\u0645\u062a\u0644\u0627\u0621 \u0627\u0644\u0628\u0634\u0631\u0629 \u0648\u064a\u0642\u0644\u0644 \u0627\u0644\u0627\u062d\u0645\u0631\u0627\u0631 \u062f\u0648\u0646 \u0625\u0632\u0639\u0627\u062c \u0644\u0644\u0628\u0634\u0631\u0629\u201d .<\/strong><\/p>\n<p><strong>\u0637\u0631\u064a\u0642\u0629 \u0627\u0644\u0627\u0633\u062a\u062e\u062f\u0627\u0645 :<\/strong><\/p>\n<p><strong>\u0639\u0644\u0649 \u0628\u0634\u0631\u0629 \u0646\u0638\u064a\u0641\u0629 \u0648\u062c\u0627\u0641\u0629\u060c \u0636\u0639\u064a 1\u20132 \u0646\u0642\u0637\u0629 \u0645\u0646 \u0627\u0644\u0633\u064a\u0631\u0648\u0645.<\/strong><\/p>\n<p><strong>\u064a\u064f\u0648\u0632\u0639 \u0628\u0644\u0637\u0641 \u0639\u0644\u0649 \u0627\u0644\u0648\u062c\u0647 \u0648\u0627\u0644\u0631\u0642\u0628\u0629 \u0648\u062d\u062a\u0649 \u062d\u0648\u0644 \u0627\u0644\u0639\u064a\u0646\u060c \u0635\u0628\u0627\u062d\u064b\u0627 \u0648\u0645\u0633\u0627\u0621\u064b .<\/strong><\/p>\n<p><strong>\u064a\u0645\u0643\u0646 \u0627\u0633\u062a\u062e\u062f\u0627\u0645\u0647 \u0648\u062d\u062f\u0647 \u0623\u0648 \u0642\u0628\u0644 \u0627\u0644\u0645\u0631\u0637\u0628 \u0627\u0644\u064a\u0648\u0645\u064a \u2013 \u064a\u0632\u064a\u062f \u0641\u0639\u0627\u0644\u064a\u0629 \u0627\u0644\u0645\u0646\u062a\u062c\u0627\u062a \u0627\u0644\u062a\u0627\u0644\u064a\u0629 .<\/strong><\/p>\n<p><strong>\u0644\u0645\u0646 \u064a\u0646\u0627\u0633\u0628\u061f<\/strong><\/p>\n<p><strong>\u0645\u0646\u0627\u0633\u0628 \u0644\u0644\u062a\u062c\u0627\u0639\u064a\u062f \u0627\u0644\u062e\u0641\u064a\u0641\u0629 \u0625\u0644\u0649 \u0627\u0644\u0645\u062a\u0642\u062f\u0645\u0629\u060c \u0627\u0644\u0628\u0634\u0631\u0629 \u0627\u0644\u0645\u062a\u0631\u0647\u0644\u0629 \u0623\u0648 \u0627\u0644\u0628\u0627\u0647\u062a\u0629.<\/strong><\/p>\n<p><strong>\u062e\u064a\u0627\u0631 \u0645\u062b\u0627\u0644\u064a \u0644\u0644\u0628\u0634\u0631\u0629 \u0627\u0644\u062d\u0633\u0627\u0633\u0629 \u0628\u0641\u0636\u0644 \u062a\u0631\u0643\u064a\u0628\u062a\u0647 \u0627\u0644\u0644\u0637\u064a\u0641\u0629 \u0648\u0627\u0644\u0645\u0647\u062f\u0626\u0629.<\/strong><\/p>\n<p><strong>\u064a\u0645\u0646\u062d \u0646\u062a\u0627\u0626\u062c \u0645\u0644\u0645\u0648\u0633\u0629 \u0648\u0633\u0631\u064a\u0639\u0629\u060c \u0648\u064a\u0639\u062f \u0642\u0627\u0639\u062f\u0629 \u0631\u0627\u0626\u0639\u0629 \u0642\u0628\u0644 \u0627\u0644\u0645\u0643\u064a\u0627\u062c \u0623\u0648 \u0645\u0631\u0637\u0628 \u0623\u0642\u0648\u0649.<\/strong><\/p>","protected":false},"excerpt":{"rendered":"<p>\u0645\u0632\u0627\u064a\u0627 \u0627\u0644\u0633\u064a\u0631\u0648\u0645 : \u0641\u0639\u0627\u0644\u064a\u0629 \u0645\u0644\u062d\u0648\u0638\u0629 \u0641\u064a 15 \u064a\u0648\u0645\u064b\u0627: \u062a\u0634\u062f \u0627\u0644\u062e\u0637\u0648\u0637 \u0648\u062a\u062d\u0633\u0646 \u0645\u0644\u0645\u0633 \u0627\u0644\u0628\u0634\u0631\u0629 . \u0641\u0648\u0631\u064a\u064b\u0627: \u064a\u0645\u0646\u062d \u0625\u062d\u0633\u0627\u0633\u064b\u0627 \u0628\u0627\u0644\u0627\u0645\u062a\u0644\u0627\u0621 \u0641\u064a 4 [&hellip;]<\/p>","protected":false},"featured_media":9570,"comment_status":"open","ping_status":"closed","template":"","meta":{"_uag_custom_page_level_css":"","site-sidebar-layout":"default","site-content-layout":"","ast-site-content-layout":"","site-content-style":"default","site-sidebar-style":"default","ast-global-header-display":"","ast-banner-title-visibility":"","ast-main-header-display":"","ast-hfb-above-header-display":"","ast-hfb-below-header-display":"","ast-hfb-mobile-header-display":"","site-post-title":"","ast-breadcrumbs-content":"","ast-featured-img":"","footer-sml-layout":"","theme-transparent-header-meta":"","adv-header-id-meta":"","stick-header-meta":"","header-above-stick-meta":"","header-main-stick-meta":"","header-below-stick-meta":"","astra-migrate-meta-layouts":"default","ast-page-background-enabled":"default","ast-page-background-meta":{"desktop":{"background-color":"var(--ast-global-color-4)","background-image":"","background-repeat":"repeat","background-position":"center center","background-size":"auto","background-attachment":"scroll","background-type":"","background-media":"","overlay-type":"","overlay-color":"","overlay-opacity":"","overlay-gradient":""},"tablet":{"background-color":"","background-image":"","background-repeat":"repeat","background-position":"center center","background-size":"auto","background-attachment":"scroll","background-type":"","background-media":"","overlay-type":"","overlay-color":"","overlay-opacity":"","overlay-gradient":""},"mobile":{"background-color":"","background-image":"","background-repeat":"repeat","background-position":"center center","background-size":"auto","background-attachment":"scroll","background-type":"","background-media":"","overlay-type":"","overlay-color":"","overlay-opacity":"","overlay-gradient":""}},"ast-content-background-meta":{"desktop":{"background-color":"var(--ast-global-color-5)","background-image":"","background-repeat":"repeat","background-position":"center center","background-size":"auto","background-attachment":"scroll","background-type":"","background-media":"","overlay-type":"","overlay-color":"","overlay-opacity":"","overlay-gradient":""},"tablet":{"background-color":"var(--ast-global-color-5)","background-image":"","background-repeat":"repeat","background-position":"center center","background-size":"auto","background-attachment":"scroll","background-type":"","background-media":"","overlay-type":"","overlay-color":"","overlay-opacity":"","overlay-gradient":""},"mobile":{"background-color":"var(--ast-global-color-5)","background-image":"","background-repeat":"repeat","background-position":"center center","background-size":"auto","background-attachment":"scroll","background-type":"","background-media":"","overlay-type":"","overlay-color":"","overlay-opacity":"","overlay-gradient":""}}},"product_brand":[],"product_cat":[15],"product_tag":[],"class_list":{"0":"post-9571","1":"product","2":"type-product","3":"status-publish","4":"has-post-thumbnail","6":"product_cat-uncategorized","7":"desktop-align-center","8":"tablet-align-center","9":"mobile-align-center","11":"first","12":"instock","13":"shipping-taxable","14":"purchasable","15":"product-type-simple"},"aioseo_notices":[],"uagb_featured_image_src":{"full":["https:\/\/vivauralb.com\/wp-content\/uploads\/2025\/06\/img_4186.jpeg",1179,1141,false],"thumbnail":["https:\/\/vivauralb.com\/wp-content\/uploads\/2025\/06\/img_4186-150x150.jpeg",150,150,true],"medium":["https:\/\/vivauralb.com\/wp-content\/uploads\/2025\/06\/img_4186-300x290.jpeg",300,290,true],"medium_large":["https:\/\/vivauralb.com\/wp-content\/uploads\/2025\/06\/img_4186-768x743.jpeg",768,743,true],"large":["https:\/\/vivauralb.com\/wp-content\/uploads\/2025\/06\/img_4186-1024x991.jpeg",1024,991,true],"1536x1536":["https:\/\/vivauralb.com\/wp-content\/uploads\/2025\/06\/img_4186.jpeg",1179,1141,false],"2048x2048":["https:\/\/vivauralb.com\/wp-content\/uploads\/2025\/06\/img_4186.jpeg",1179,1141,false],"trp-custom-language-flag":["https:\/\/vivauralb.com\/wp-content\/uploads\/2025\/06\/img_4186-12x12.jpeg",12,12,true],"woocommerce_thumbnail":["https:\/\/vivauralb.com\/wp-content\/uploads\/2025\/06\/img_4186-300x300.jpeg",300,300,true],"woocommerce_single":["https:\/\/vivauralb.com\/wp-content\/uploads\/2025\/06\/img_4186-600x581.jpeg",600,581,true],"woocommerce_gallery_thumbnail":["https:\/\/vivauralb.com\/wp-content\/uploads\/2025\/06\/img_4186-100x100.jpeg",100,100,true],"dgwt-wcas-product-suggestion":["https:\/\/vivauralb.com\/wp-content\/uploads\/2025\/06\/img_4186-64x62.jpeg",64,62,true]},"uagb_author_info":{"display_name":"Abdelrahman Moussa","author_link":"https:\/\/vivauralb.com\/ar\/author\/"},"uagb_comment_info":0,"uagb_excerpt":"\u0645\u0632\u0627\u064a\u0627 \u0627\u0644\u0633\u064a\u0631\u0648\u0645 : \u0641\u0639\u0627\u0644\u064a\u0629 \u0645\u0644\u062d\u0648\u0638\u0629 \u0641\u064a 15 \u064a\u0648\u0645\u064b\u0627: \u062a\u0634\u062f \u0627\u0644\u062e\u0637\u0648\u0637 \u0648\u062a\u062d\u0633\u0646 \u0645\u0644\u0645\u0633 \u0627\u0644\u0628\u0634\u0631\u0629 . \u0641\u0648\u0631\u064a\u064b\u0627: \u064a\u0645\u0646\u062d \u0625\u062d\u0633\u0627\u0633\u064b\u0627 \u0628\u0627\u0644\u0627\u0645\u062a\u0644\u0627\u0621 \u0641\u064a 4 [&hellip;]","jetpack_sharing_enabled":true,"_links":{"self":[{"href":"https:\/\/vivauralb.com\/ar\/wp-json\/wp\/v2\/product\/9571","targetHints":{"allow":["GET"]}}],"collection":[{"href":"https:\/\/vivauralb.com\/ar\/wp-json\/wp\/v2\/product"}],"about":[{"href":"https:\/\/vivauralb.com\/ar\/wp-json\/wp\/v2\/types\/product"}],"replies":[{"embeddable":true,"href":"https:\/\/vivauralb.com\/ar\/wp-json\/wp\/v2\/comments?post=9571"}],"wp:featuredmedia":[{"embeddable":true,"href":"https:\/\/vivauralb.com\/ar\/wp-json\/wp\/v2\/media\/9570"}],"wp:attachment":[{"href":"https:\/\/vivauralb.com\/ar\/wp-json\/wp\/v2\/media?parent=9571"}],"wp:term":[{"taxonomy":"product_brand","embeddable":true,"href":"https:\/\/vivauralb.com\/ar\/wp-json\/wp\/v2\/product_brand?post=9571"},{"taxonomy":"product_cat","embeddable":true,"href":"https:\/\/vivauralb.com\/ar\/wp-json\/wp\/v2\/product_cat?post=9571"},{"taxonomy":"product_tag","embeddable":true,"href":"https:\/\/vivauralb.com\/ar\/wp-json\/wp\/v2\/product_tag?post=9571"}],"curies":[{"name":"wp","href":"https:\/\/api.w.org\/{rel}","templated":true}]}}