{"id":9257,"date":"2025-04-19T09:02:57","date_gmt":"2025-04-19T09:02:57","guid":{"rendered":"https:\/\/vivauralb.com\/product\/uriage-hyseac-exfoliating-mask-karma-ve-yagli-ciltlere-ozel-peeling-etkili-maske-100-ml\/"},"modified":"2025-07-09T12:34:10","modified_gmt":"2025-07-09T12:34:10","slug":"uriage-hyseac-exfoliating-mask-karma-ve-yagli-ciltlere-ozel-peeling-etkili-maske-100-ml","status":"publish","type":"product","link":"https:\/\/vivauralb.com\/ar\/product\/uriage-hyseac-exfoliating-mask-karma-ve-yagli-ciltlere-ozel-peeling-etkili-maske-100-ml\/","title":{"rendered":"Uriage hyseac exfoliating mask karma ve ya\u011fl\u0131 ciltlere \u00f6zel peeling etkili maske 100 ml"},"content":{"rendered":"<p><strong><\/strong><\/p>\n<p style=\"margin-top: 0px;margin-bottom: 10px;font-family: Poppins, sans-serif;font-size: 13px;font-style: normal;font-weight: 400;letter-spacing: normal;text-align: start;text-indent: 0px;text-transform: none;text-decoration: none\"><span style=\"font-family: arial, helvetica, sans-serif\"><span style=\"font-size: 14px\"><strong style=\"font-weight: bold\">\u0641\u0648\u0627\u0626\u062f<\/strong><\/span><\/span><span style=\"font-family: arial, helvetica, sans-serif\"><span style=\"font-size: 14px\"><strong style=\"font-weight: bold\"> <\/strong><\/span><\/span><span style=\"font-family: arial, helvetica, sans-serif\"><span style=\"font-size: 14px\"><strong style=\"font-weight: bold\">\u0627\u0644\u0645\u0646\u062a\u062c<\/strong><\/span><\/span><span style=\"font-family: arial, helvetica, sans-serif\"><span style=\"font-size: 14px\"><strong style=\"font-weight: bold\"> :<\/strong><\/span><\/span><span style=\"font-family: arial, helvetica, sans-serif\"><span style=\"font-size: 14px\"><strong><br \/>\n<\/strong><\/span><\/span><span style=\"font-family: arial, helvetica, sans-serif\"><span style=\"font-size: 14px\"><strong>\u0625\u0646\u0647<\/strong><\/span><\/span><span style=\"font-family: arial, helvetica, sans-serif\"><span style=\"font-size: 14px\"><strong> <\/strong><\/span><\/span><span style=\"font-family: arial, helvetica, sans-serif\"><span style=\"font-size: 14px\"><strong>\u0644\u0623\u0646\u0648\u0627\u0639<\/strong><\/span><\/span><span style=\"font-family: arial, helvetica, sans-serif\"><span style=\"font-size: 14px\"><strong> <\/strong><\/span><\/span><span style=\"font-family: arial, helvetica, sans-serif\"><span style=\"font-size: 14px\"><strong>\u0627\u0644\u0628\u0634\u0631\u0629<\/strong><\/span><\/span><span style=\"font-family: arial, helvetica, sans-serif\"><span style=\"font-size: 14px\"><strong> <\/strong><\/span><\/span><span style=\"font-family: arial, helvetica, sans-serif\"><span style=\"font-size: 14px\"><strong>\u0645\u0646<\/strong><\/span><\/span><span style=\"font-family: arial, helvetica, sans-serif\"><span style=\"font-size: 14px\"><strong> <\/strong><\/span><\/span><span style=\"font-family: arial, helvetica, sans-serif\"><span style=\"font-size: 14px\"><strong>\u0627\u0644\u0643\u0631\u0645\u0629<\/strong><\/span><\/span><span style=\"font-family: arial, helvetica, sans-serif\"><span style=\"font-size: 14px\"><strong> <\/strong><\/span><\/span><span style=\"font-family: arial, helvetica, sans-serif\"><span style=\"font-size: 14px\"><strong>\u0625\u0644\u0649<\/strong><\/span><\/span><span style=\"font-family: arial, helvetica, sans-serif\"><span style=\"font-size: 14px\"><strong> <\/strong><\/span><\/span><span style=\"font-family: arial, helvetica, sans-serif\"><span style=\"font-size: 14px\"><strong>\u0627\u0644\u062f\u0647\u0646\u064a\u0629<\/strong><\/span><\/span><span style=\"font-family: arial, helvetica, sans-serif\"><span style=\"font-size: 14px\"><strong> .<br \/>\n<\/strong><\/span><\/span><span style=\"font-family: arial, helvetica, sans-serif\"><span style=\"font-size: 14px\"><strong>\u0625\u0646\u0647<\/strong><\/span><\/span><span style=\"font-family: arial, helvetica, sans-serif\"><span style=\"font-size: 14px\"><strong> <\/strong><\/span><\/span><span style=\"font-family: arial, helvetica, sans-serif\"><span style=\"font-size: 14px\"><strong>\u064a\u0646\u0638\u0641<\/strong><\/span><\/span><span style=\"font-family: arial, helvetica, sans-serif\"><span style=\"font-size: 14px\"><strong> <\/strong><\/span><\/span><span style=\"font-family: arial, helvetica, sans-serif\"><span style=\"font-size: 14px\"><strong>\u0628\u0644\u0637\u0641<\/strong><\/span><\/span><span style=\"font-family: arial, helvetica, sans-serif\"><span style=\"font-size: 14px\"><strong> <\/strong><\/span><\/span><span style=\"font-family: arial, helvetica, sans-serif\"><span style=\"font-size: 14px\"><strong>\u0648\u064a\u0633\u0627\u0639\u062f<\/strong><\/span><\/span><span style=\"font-family: arial, helvetica, sans-serif\"><span style=\"font-size: 14px\"><strong> <\/strong><\/span><\/span><span style=\"font-family: arial, helvetica, sans-serif\"><span style=\"font-size: 14px\"><strong>\u0639\u0644\u0649<\/strong><\/span><\/span><span style=\"font-family: arial, helvetica, sans-serif\"><span style=\"font-size: 14px\"><strong> <\/strong><\/span><\/span><span style=\"font-family: arial, helvetica, sans-serif\"><span style=\"font-size: 14px\"><strong>\u062a\u0646\u0642\u064a\u0629<\/strong><\/span><\/span><span style=\"font-family: arial, helvetica, sans-serif\"><span style=\"font-size: 14px\"><strong> <\/strong><\/span><\/span><span style=\"font-family: arial, helvetica, sans-serif\"><span style=\"font-size: 14px\"><strong>\u0628\u0634\u0631\u062a\u0643<\/strong><\/span><\/span><span style=\"font-family: arial, helvetica, sans-serif\"><span style=\"font-size: 14px\"><strong> .<br \/>\n<\/strong><\/span><\/span><span style=\"font-family: arial, helvetica, sans-serif\"><span style=\"font-size: 14px\"><strong>\u064a\u0633\u0627\u0639\u062f<\/strong><\/span><\/span><span style=\"font-family: arial, helvetica, sans-serif\"><span style=\"font-size: 14px\"><strong> <\/strong><\/span><\/span><span style=\"font-family: arial, helvetica, sans-serif\"><span style=\"font-size: 14px\"><strong>\u0639\u0644\u0649<\/strong><\/span><\/span><span style=\"font-family: arial, helvetica, sans-serif\"><span style=\"font-size: 14px\"><strong> <\/strong><\/span><\/span><span style=\"font-family: arial, helvetica, sans-serif\"><span style=\"font-size: 14px\"><strong>\u0636\u0645\u0627\u0646<\/strong><\/span><\/span><span style=\"font-family: arial, helvetica, sans-serif\"><span style=\"font-size: 14px\"><strong> <\/strong><\/span><\/span><span style=\"font-family: arial, helvetica, sans-serif\"><span style=\"font-size: 14px\"><strong>\u062a\u0648\u0627\u0632\u0646<\/strong><\/span><\/span><span style=\"font-family: arial, helvetica, sans-serif\"><span style=\"font-size: 14px\"><strong> <\/strong><\/span><\/span><span style=\"font-family: arial, helvetica, sans-serif\"><span style=\"font-size: 14px\"><strong>\u0627\u0644\u0632\u0647\u0645<\/strong><\/span><\/span><span style=\"font-family: arial, helvetica, sans-serif\"><span style=\"font-size: 14px\"><strong> <\/strong><\/span><\/span><span style=\"font-family: arial, helvetica, sans-serif\"><span style=\"font-size: 14px\"><strong>\u0641\u064a<\/strong><\/span><\/span><span style=\"font-family: arial, helvetica, sans-serif\"><span style=\"font-size: 14px\"><strong> <\/strong><\/span><\/span><span style=\"font-family: arial, helvetica, sans-serif\"><span style=\"font-size: 14px\"><strong>\u0627\u0644\u062c\u0644\u062f<\/strong><\/span><\/span><span style=\"font-family: arial, helvetica, sans-serif\"><span style=\"font-size: 14px\"><strong> .<\/strong><\/span><\/span><\/p>\n<p><span style=\"font-family: arial, helvetica, sans-serif\"><span style=\"font-size: 14px\"><strong style=\"font-weight: bold\">\u0646\u0648\u0639<\/strong><\/span><\/span><span style=\"font-family: arial, helvetica, sans-serif\"><span style=\"font-size: 14px\"><strong style=\"font-weight: bold\"> <\/strong><\/span><\/span><span style=\"font-family: arial, helvetica, sans-serif\"><span style=\"font-size: 14px\"><strong style=\"font-weight: bold\">\u0627\u0644\u0628\u0634\u0631\u0629<\/strong><\/span><\/span><span style=\"font-family: arial, helvetica, sans-serif\"><span style=\"font-size: 14px\"><strong style=\"font-weight: bold\"> <\/strong><\/span><\/span><span style=\"font-family: arial, helvetica, sans-serif\"><span style=\"font-size: 14px\"><strong style=\"font-weight: bold\">\u0627\u0644\u0645\u0646\u0627\u0633\u0628\u0629<\/strong><\/span><\/span><span style=\"font-family: arial, helvetica, sans-serif\"><span style=\"font-size: 14px\"><strong style=\"font-weight: bold\"> :<\/strong><\/span><\/span><span style=\"font-family: arial, helvetica, sans-serif\"><span style=\"font-size: 14px\"><strong><br \/>\n<\/strong><\/span><\/span><span style=\"font-family: arial, helvetica, sans-serif\"><span style=\"font-size: 14px\"><strong>\u0623\u0646\u0648\u0627\u0639<\/strong><\/span><\/span><span style=\"font-family: arial, helvetica, sans-serif\"><span style=\"font-size: 14px\"><strong> <\/strong><\/span><\/span><span style=\"font-family: arial, helvetica, sans-serif\"><span style=\"font-size: 14px\"><strong>\u0627\u0644\u0628\u0634\u0631\u0629<\/strong><\/span><\/span><span style=\"font-family: arial, helvetica, sans-serif\"><span style=\"font-size: 14px\"><strong> <\/strong><\/span><\/span><span style=\"font-family: arial, helvetica, sans-serif\"><span style=\"font-size: 14px\"><strong>\u0645\u0646<\/strong><\/span><\/span><span style=\"font-family: arial, helvetica, sans-serif\"><span style=\"font-size: 14px\"><strong> <\/strong><\/span><\/span><span style=\"font-family: arial, helvetica, sans-serif\"><span style=\"font-size: 14px\"><strong>\u0627\u0644\u0645\u062e\u062a\u0644\u0637\u0629<\/strong><\/span><\/span><span style=\"font-family: arial, helvetica, sans-serif\"><span style=\"font-size: 14px\"><strong> <\/strong><\/span><\/span><span style=\"font-family: arial, helvetica, sans-serif\"><span style=\"font-size: 14px\"><strong>\u0625\u0644\u0649<\/strong><\/span><\/span><span style=\"font-family: arial, helvetica, sans-serif\"><span style=\"font-size: 14px\"><strong> <\/strong><\/span><\/span><span style=\"font-family: arial, helvetica, sans-serif\"><span style=\"font-size: 14px\"><strong>\u0627\u0644\u062f\u0647\u0646\u064a\u0629<\/strong><\/span><\/span><\/p>\n<p><span style=\"font-family: arial, helvetica, sans-serif\"><span style=\"font-size: 14px\"><strong style=\"font-weight: bold\">\u0627\u0644\u0627\u0633\u062a\u062e\u062f\u0627\u0645<\/strong><\/span><\/span><span style=\"font-family: arial, helvetica, sans-serif\"><span style=\"font-size: 14px\"><strong style=\"font-weight: bold\"> :<\/strong><\/span><\/span><span style=\"font-family: arial, helvetica, sans-serif\"><span style=\"font-size: 14px\"><strong><br \/>\n<\/strong><\/span><\/span><span style=\"font-family: arial, helvetica, sans-serif\"><span style=\"font-size: 14px\"><strong>\u0636\u0639<\/strong><\/span><\/span><span style=\"font-family: arial, helvetica, sans-serif\"><span style=\"font-size: 14px\"><strong> <\/strong><\/span><\/span><span style=\"font-family: arial, helvetica, sans-serif\"><span style=\"font-size: 14px\"><strong>\u0637\u0628\u0642\u0629<\/strong><\/span><\/span><span style=\"font-family: arial, helvetica, sans-serif\"><span style=\"font-size: 14px\"><strong> <\/strong><\/span><\/span><span style=\"font-family: arial, helvetica, sans-serif\"><span style=\"font-size: 14px\"><strong>\u0631\u0642\u064a\u0642\u0629<\/strong><\/span><\/span><span style=\"font-family: arial, helvetica, sans-serif\"><span style=\"font-size: 14px\"><strong> <\/strong><\/span><\/span><span style=\"font-family: arial, helvetica, sans-serif\"><span style=\"font-size: 14px\"><strong>\u0639\u0644\u0649<\/strong><\/span><\/span><span style=\"font-family: arial, helvetica, sans-serif\"><span style=\"font-size: 14px\"><strong> <\/strong><\/span><\/span><span style=\"font-family: arial, helvetica, sans-serif\"><span style=\"font-size: 14px\"><strong>\u0628\u0634\u0631\u062a\u0643<\/strong><\/span><\/span><span style=\"font-family: arial, helvetica, sans-serif\"><span style=\"font-size: 14px\"><strong> <\/strong><\/span><\/span><span style=\"font-family: arial, helvetica, sans-serif\"><span style=\"font-size: 14px\"><strong>\u0644\u0644\u062d\u0635\u0648\u0644<\/strong><\/span><\/span><span style=\"font-family: arial, helvetica, sans-serif\"><span style=\"font-size: 14px\"><strong> <\/strong><\/span><\/span><span style=\"font-family: arial, helvetica, sans-serif\"><span style=\"font-size: 14px\"><strong>\u0639\u0644\u0649<\/strong><\/span><\/span><span style=\"font-family: arial, helvetica, sans-serif\"><span style=\"font-size: 14px\"><strong> <\/strong><\/span><\/span><span style=\"font-family: arial, helvetica, sans-serif\"><span style=\"font-size: 14px\"><strong>\u062a\u0623\u062b\u064a\u0631<\/strong><\/span><\/span><span style=\"font-family: arial, helvetica, sans-serif\"><span style=\"font-size: 14px\"><strong> <\/strong><\/span><\/span><span style=\"font-family: arial, helvetica, sans-serif\"><span style=\"font-size: 14px\"><strong>\u0627\u0644\u0642\u0646\u0627\u0639<\/strong><\/span><\/span><span style=\"font-family: arial, helvetica, sans-serif\"><span style=\"font-size: 14px\"><strong> .<br \/>\n<\/strong><\/span><\/span><span style=\"font-family: arial, helvetica, sans-serif\"><span style=\"font-size: 14px\"><strong>\u0627\u062a\u0631\u0643\u0647<\/strong><\/span><\/span><span style=\"font-family: arial, helvetica, sans-serif\"><span style=\"font-size: 14px\"><strong> <\/strong><\/span><\/span><span style=\"font-family: arial, helvetica, sans-serif\"><span style=\"font-size: 14px\"><strong>\u0644\u0645\u062f\u0629<\/strong><\/span><\/span><span style=\"font-family: arial, helvetica, sans-serif\"><span style=\"font-size: 14px\"><strong> <\/strong><\/span><\/span><span style=\"font-family: arial, helvetica, sans-serif\"><span style=\"font-size: 14px\"><strong>\u062f\u0642\u064a\u0642\u062a\u064a\u0646<\/strong><\/span><\/span><span style=\"font-family: arial, helvetica, sans-serif\"><span style=\"font-size: 14px\"><strong> <\/strong><\/span><\/span><span style=\"font-family: arial, helvetica, sans-serif\"><span style=\"font-size: 14px\"><strong>\u0648\u0627\u0634\u0637\u0641\u0647<\/strong><\/span><\/span><span style=\"font-family: arial, helvetica, sans-serif\"><span style=\"font-size: 14px\"><strong> <\/strong><\/span><\/span><span style=\"font-family: arial, helvetica, sans-serif\"><span style=\"font-size: 14px\"><strong>\u0628\u0627\u0644\u0643\u062b\u064a\u0631<\/strong><\/span><\/span><span style=\"font-family: arial, helvetica, sans-serif\"><span style=\"font-size: 14px\"><strong> <\/strong><\/span><\/span><span style=\"font-family: arial, helvetica, sans-serif\"><span style=\"font-size: 14px\"><strong>\u0645\u0646<\/strong><\/span><\/span><span style=\"font-family: arial, helvetica, sans-serif\"><span style=\"font-size: 14px\"><strong> <\/strong><\/span><\/span><span style=\"font-family: arial, helvetica, sans-serif\"><span style=\"font-size: 14px\"><strong>\u0627\u0644\u0645\u0627\u0621<\/strong><\/span><\/span><span style=\"font-family: arial, helvetica, sans-serif\"><span style=\"font-size: 14px\"><strong> .<\/strong><\/span><\/span><\/p>\n<p style=\"margin-top: 0px;margin-bottom: 10px;font-family: Poppins, sans-serif;font-size: 13px;font-style: normal;font-weight: 400;letter-spacing: normal;text-align: start;text-indent: 0px;text-transform: none;text-decoration: none\"><strong><\/strong><\/p>\n<p><strong><br \/>\n<\/strong><\/p>","protected":false},"excerpt":{"rendered":"<p>\u0641\u0648\u0627\u0626\u062f \u0627\u0644\u0645\u0646\u062a\u062c : \u0625\u0646\u0647 \u0644\u0623\u0646\u0648\u0627\u0639 \u0627\u0644\u0628\u0634\u0631\u0629 \u0645\u0646 \u0627\u0644\u0643\u0631\u0645\u0629 \u0625\u0644\u0649 \u0627\u0644\u062f\u0647\u0646\u064a\u0629 . \u0625\u0646\u0647 \u064a\u0646\u0638\u0641 \u0628\u0644\u0637\u0641 \u0648\u064a\u0633\u0627\u0639\u062f \u0639\u0644\u0649 \u062a\u0646\u0642\u064a\u0629 \u0628\u0634\u0631\u062a\u0643 . \u064a\u0633\u0627\u0639\u062f [&hellip;]<\/p>","protected":false},"featured_media":9256,"comment_status":"open","ping_status":"closed","template":"","meta":{"_uag_custom_page_level_css":"","site-sidebar-layout":"default","site-content-layout":"","ast-site-content-layout":"","site-content-style":"default","site-sidebar-style":"default","ast-global-header-display":"","ast-banner-title-visibility":"","ast-main-header-display":"","ast-hfb-above-header-display":"","ast-hfb-below-header-display":"","ast-hfb-mobile-header-display":"","site-post-title":"","ast-breadcrumbs-content":"","ast-featured-img":"","footer-sml-layout":"","theme-transparent-header-meta":"","adv-header-id-meta":"","stick-header-meta":"","header-above-stick-meta":"","header-main-stick-meta":"","header-below-stick-meta":"","astra-migrate-meta-layouts":"default","ast-page-background-enabled":"default","ast-page-background-meta":{"desktop":{"background-color":"var(--ast-global-color-4)","background-image":"","background-repeat":"repeat","background-position":"center center","background-size":"auto","background-attachment":"scroll","background-type":"","background-media":"","overlay-type":"","overlay-color":"","overlay-opacity":"","overlay-gradient":""},"tablet":{"background-color":"","background-image":"","background-repeat":"repeat","background-position":"center center","background-size":"auto","background-attachment":"scroll","background-type":"","background-media":"","overlay-type":"","overlay-color":"","overlay-opacity":"","overlay-gradient":""},"mobile":{"background-color":"","background-image":"","background-repeat":"repeat","background-position":"center center","background-size":"auto","background-attachment":"scroll","background-type":"","background-media":"","overlay-type":"","overlay-color":"","overlay-opacity":"","overlay-gradient":""}},"ast-content-background-meta":{"desktop":{"background-color":"var(--ast-global-color-5)","background-image":"","background-repeat":"repeat","background-position":"center center","background-size":"auto","background-attachment":"scroll","background-type":"","background-media":"","overlay-type":"","overlay-color":"","overlay-opacity":"","overlay-gradient":""},"tablet":{"background-color":"var(--ast-global-color-5)","background-image":"","background-repeat":"repeat","background-position":"center center","background-size":"auto","background-attachment":"scroll","background-type":"","background-media":"","overlay-type":"","overlay-color":"","overlay-opacity":"","overlay-gradient":""},"mobile":{"background-color":"var(--ast-global-color-5)","background-image":"","background-repeat":"repeat","background-position":"center center","background-size":"auto","background-attachment":"scroll","background-type":"","background-media":"","overlay-type":"","overlay-color":"","overlay-opacity":"","overlay-gradient":""}}},"product_brand":[],"product_cat":[360,122],"product_tag":[],"class_list":{"0":"post-9257","1":"product","2":"type-product","3":"status-publish","4":"has-post-thumbnail","6":"product_cat-uriage","7":"product_cat-cosmetics","8":"desktop-align-center","9":"tablet-align-center","10":"mobile-align-center","12":"first","13":"instock","14":"shipping-taxable","15":"purchasable","16":"product-type-simple"},"aioseo_notices":[],"uagb_featured_image_src":{"full":["https:\/\/vivauralb.com\/wp-content\/uploads\/2025\/04\/img_0331.jpeg",500,500,false],"thumbnail":["https:\/\/vivauralb.com\/wp-content\/uploads\/2025\/04\/img_0331-150x150.jpeg",150,150,true],"medium":["https:\/\/vivauralb.com\/wp-content\/uploads\/2025\/04\/img_0331-300x300.jpeg",300,300,true],"medium_large":["https:\/\/vivauralb.com\/wp-content\/uploads\/2025\/04\/img_0331.jpeg",500,500,false],"large":["https:\/\/vivauralb.com\/wp-content\/uploads\/2025\/04\/img_0331.jpeg",500,500,false],"1536x1536":["https:\/\/vivauralb.com\/wp-content\/uploads\/2025\/04\/img_0331.jpeg",500,500,false],"2048x2048":["https:\/\/vivauralb.com\/wp-content\/uploads\/2025\/04\/img_0331.jpeg",500,500,false],"trp-custom-language-flag":["https:\/\/vivauralb.com\/wp-content\/uploads\/2025\/04\/img_0331-12x12.jpeg",12,12,true],"woocommerce_thumbnail":["https:\/\/vivauralb.com\/wp-content\/uploads\/2025\/04\/img_0331-300x300.jpeg",300,300,true],"woocommerce_single":["https:\/\/vivauralb.com\/wp-content\/uploads\/2025\/04\/img_0331.jpeg",500,500,false],"woocommerce_gallery_thumbnail":["https:\/\/vivauralb.com\/wp-content\/uploads\/2025\/04\/img_0331-100x100.jpeg",100,100,true],"dgwt-wcas-product-suggestion":["https:\/\/vivauralb.com\/wp-content\/uploads\/2025\/04\/img_0331-64x64.jpeg",64,64,true]},"uagb_author_info":{"display_name":"Abdelrahman Moussa","author_link":"https:\/\/vivauralb.com\/ar\/author\/"},"uagb_comment_info":0,"uagb_excerpt":"\u0641\u0648\u0627\u0626\u062f \u0627\u0644\u0645\u0646\u062a\u062c : \u0625\u0646\u0647 \u0644\u0623\u0646\u0648\u0627\u0639 \u0627\u0644\u0628\u0634\u0631\u0629 \u0645\u0646 \u0627\u0644\u0643\u0631\u0645\u0629 \u0625\u0644\u0649 \u0627\u0644\u062f\u0647\u0646\u064a\u0629 . \u0625\u0646\u0647 \u064a\u0646\u0638\u0641 \u0628\u0644\u0637\u0641 \u0648\u064a\u0633\u0627\u0639\u062f \u0639\u0644\u0649 \u062a\u0646\u0642\u064a\u0629 \u0628\u0634\u0631\u062a\u0643 . \u064a\u0633\u0627\u0639\u062f [&hellip;]","jetpack_sharing_enabled":true,"_links":{"self":[{"href":"https:\/\/vivauralb.com\/ar\/wp-json\/wp\/v2\/product\/9257","targetHints":{"allow":["GET"]}}],"collection":[{"href":"https:\/\/vivauralb.com\/ar\/wp-json\/wp\/v2\/product"}],"about":[{"href":"https:\/\/vivauralb.com\/ar\/wp-json\/wp\/v2\/types\/product"}],"replies":[{"embeddable":true,"href":"https:\/\/vivauralb.com\/ar\/wp-json\/wp\/v2\/comments?post=9257"}],"wp:featuredmedia":[{"embeddable":true,"href":"https:\/\/vivauralb.com\/ar\/wp-json\/wp\/v2\/media\/9256"}],"wp:attachment":[{"href":"https:\/\/vivauralb.com\/ar\/wp-json\/wp\/v2\/media?parent=9257"}],"wp:term":[{"taxonomy":"product_brand","embeddable":true,"href":"https:\/\/vivauralb.com\/ar\/wp-json\/wp\/v2\/product_brand?post=9257"},{"taxonomy":"product_cat","embeddable":true,"href":"https:\/\/vivauralb.com\/ar\/wp-json\/wp\/v2\/product_cat?post=9257"},{"taxonomy":"product_tag","embeddable":true,"href":"https:\/\/vivauralb.com\/ar\/wp-json\/wp\/v2\/product_tag?post=9257"}],"curies":[{"name":"wp","href":"https:\/\/api.w.org\/{rel}","templated":true}]}}