{"id":9026,"date":"2025-03-26T08:34:38","date_gmt":"2025-03-26T08:34:38","guid":{"rendered":"https:\/\/vivauralb.com\/product\/otaci-rahatlatici-vucut-yagi-150-ml\/"},"modified":"2025-07-09T08:13:29","modified_gmt":"2025-07-09T08:13:29","slug":"otaci-rahatlatici-vucut-yagi-150-ml","status":"publish","type":"product","link":"https:\/\/vivauralb.com\/ar\/product\/otaci-rahatlatici-vucut-yagi-150-ml\/","title":{"rendered":"Otac\u0131 rahatlat\u0131c\u0131 v\u00fccut ya\u011f\u0131 150 ml"},"content":{"rendered":"<div class=\"Formline BorderNone OnYaziContent\" id=\"divOnyazi\" style=\"margin: 10px 0px 0px;padding: 0px;float: left;width: 385.15625px\">\n<h3 style=\"margin: 0px;padding: 0px;font-weight: normal;font-size: 14px;line-height: 14px;font-family: Montserrat, sans-serif !important\"><span class=\"left_line teksatir\" style=\"margin: 0px;padding: 0px;font-size: 14px;line-height: 14px;font-family: Montserrat, sans-serif !important\"><span style=\"margin: 0px;padding: 0px;font-size: 14px;line-height: 14px;font-family: Montserrat, sans-serif !important\"><strong><br \/>\n&nbsp;<\/strong><\/span><\/span><\/h3>\n<h3 style=\"margin: 0px;padding: 0px;font-weight: normal;font-size: 14px;line-height: 14px;font-family: Montserrat, sans-serif !important\"><span class=\"left_line teksatir\" style=\"margin: 0px;padding: 0px;font-size: 14px;line-height: 14px;font-family: Montserrat, sans-serif !important\"><span style=\"margin: 0px;padding: 0px;font-size: 14px;line-height: 14px;font-family: Montserrat, sans-serif !important\"><strong>Otac\u0131 Plant Extract Relaxing Body Oil <\/strong><\/span><\/span><span class=\"left_line teksatir\" style=\"margin: 0px;padding: 0px;font-size: 14px;line-height: 14px;font-family: Montserrat, sans-serif !important\"><span style=\"margin: 0px;padding: 0px;font-size: 14px;line-height: 14px;font-family: Montserrat, sans-serif !important\"><strong>\u064a\u0631\u0637\u0628<\/strong><\/span><\/span><span class=\"left_line teksatir\" style=\"margin: 0px;padding: 0px;font-size: 14px;line-height: 14px;font-family: Montserrat, sans-serif !important\"><span style=\"margin: 0px;padding: 0px;font-size: 14px;line-height: 14px;font-family: Montserrat, sans-serif !important\"><strong> <\/strong><\/span><\/span><span class=\"left_line teksatir\" style=\"margin: 0px;padding: 0px;font-size: 14px;line-height: 14px;font-family: Montserrat, sans-serif !important\"><span style=\"margin: 0px;padding: 0px;font-size: 14px;line-height: 14px;font-family: Montserrat, sans-serif !important\"><strong>\u0628\u0634\u0631\u062a\u0643<\/strong><\/span><\/span><span class=\"left_line teksatir\" style=\"margin: 0px;padding: 0px;font-size: 14px;line-height: 14px;font-family: Montserrat, sans-serif !important\"><span style=\"margin: 0px;padding: 0px;font-size: 14px;line-height: 14px;font-family: Montserrat, sans-serif !important\"><strong> <\/strong><\/span><\/span><span class=\"left_line teksatir\" style=\"margin: 0px;padding: 0px;font-size: 14px;line-height: 14px;font-family: Montserrat, sans-serif !important\"><span style=\"margin: 0px;padding: 0px;font-size: 14px;line-height: 14px;font-family: Montserrat, sans-serif !important\"><strong>\u0628\u0639\u0645\u0642<\/strong><\/span><\/span><span class=\"left_line teksatir\" style=\"margin: 0px;padding: 0px;font-size: 14px;line-height: 14px;font-family: Montserrat, sans-serif !important\"><span style=\"margin: 0px;padding: 0px;font-size: 14px;line-height: 14px;font-family: Montserrat, sans-serif !important\"><strong> <\/strong><\/span><\/span><span class=\"left_line teksatir\" style=\"margin: 0px;padding: 0px;font-size: 14px;line-height: 14px;font-family: Montserrat, sans-serif !important\"><span style=\"margin: 0px;padding: 0px;font-size: 14px;line-height: 14px;font-family: Montserrat, sans-serif !important\"><strong>\u0648\u064a\u0631\u064a\u062d\u0647\u0627<\/strong><\/span><\/span><span class=\"left_line teksatir\" style=\"margin: 0px;padding: 0px;font-size: 14px;line-height: 14px;font-family: Montserrat, sans-serif !important\"><span style=\"margin: 0px;padding: 0px;font-size: 14px;line-height: 14px;font-family: Montserrat, sans-serif !important\"><strong> <\/strong><\/span><\/span><span class=\"left_line teksatir\" style=\"margin: 0px;padding: 0px;font-size: 14px;line-height: 14px;font-family: Montserrat, sans-serif !important\"><span style=\"margin: 0px;padding: 0px;font-size: 14px;line-height: 14px;font-family: Montserrat, sans-serif !important\"><strong>\u0648\u064a\u0646\u0639\u0634\u0647\u0627<\/strong><\/span><\/span><span class=\"left_line teksatir\" style=\"margin: 0px;padding: 0px;font-size: 14px;line-height: 14px;font-family: Montserrat, sans-serif !important\"><span style=\"margin: 0px;padding: 0px;font-size: 14px;line-height: 14px;font-family: Montserrat, sans-serif !important\"><strong> <\/strong><\/span><\/span><span class=\"left_line teksatir\" style=\"margin: 0px;padding: 0px;font-size: 14px;line-height: 14px;font-family: Montserrat, sans-serif !important\"><span style=\"margin: 0px;padding: 0px;font-size: 14px;line-height: 14px;font-family: Montserrat, sans-serif !important\"><strong>\u0637\u0648\u0627\u0644<\/strong><\/span><\/span><span class=\"left_line teksatir\" style=\"margin: 0px;padding: 0px;font-size: 14px;line-height: 14px;font-family: Montserrat, sans-serif !important\"><span style=\"margin: 0px;padding: 0px;font-size: 14px;line-height: 14px;font-family: Montserrat, sans-serif !important\"><strong> <\/strong><\/span><\/span><span class=\"left_line teksatir\" style=\"margin: 0px;padding: 0px;font-size: 14px;line-height: 14px;font-family: Montserrat, sans-serif !important\"><span style=\"margin: 0px;padding: 0px;font-size: 14px;line-height: 14px;font-family: Montserrat, sans-serif !important\"><strong>\u0627\u0644\u0644\u064a\u0644<\/strong><\/span><\/span><span class=\"left_line teksatir\" style=\"margin: 0px;padding: 0px;font-size: 14px;line-height: 14px;font-family: Montserrat, sans-serif !important\"><span style=\"margin: 0px;padding: 0px;font-size: 14px;line-height: 14px;font-family: Montserrat, sans-serif !important\"><strong> <\/strong><\/span><\/span><span class=\"left_line teksatir\" style=\"margin: 0px;padding: 0px;font-size: 14px;line-height: 14px;font-family: Montserrat, sans-serif !important\"><span style=\"margin: 0px;padding: 0px;font-size: 14px;line-height: 14px;font-family: Montserrat, sans-serif !important\"><strong>\u0645\u0639<\/strong><\/span><\/span><span class=\"left_line teksatir\" style=\"margin: 0px;padding: 0px;font-size: 14px;line-height: 14px;font-family: Montserrat, sans-serif !important\"><span style=\"margin: 0px;padding: 0px;font-size: 14px;line-height: 14px;font-family: Montserrat, sans-serif !important\"><strong> 5 <\/strong><\/span><\/span><span class=\"left_line teksatir\" style=\"margin: 0px;padding: 0px;font-size: 14px;line-height: 14px;font-family: Montserrat, sans-serif !important\"><span style=\"margin: 0px;padding: 0px;font-size: 14px;line-height: 14px;font-family: Montserrat, sans-serif !important\"><strong>\u0632\u064a\u0648\u062a<\/strong><\/span><\/span><span class=\"left_line teksatir\" style=\"margin: 0px;padding: 0px;font-size: 14px;line-height: 14px;font-family: Montserrat, sans-serif !important\"><span style=\"margin: 0px;padding: 0px;font-size: 14px;line-height: 14px;font-family: Montserrat, sans-serif !important\"><strong> <\/strong><\/span><\/span><span class=\"left_line teksatir\" style=\"margin: 0px;padding: 0px;font-size: 14px;line-height: 14px;font-family: Montserrat, sans-serif !important\"><span style=\"margin: 0px;padding: 0px;font-size: 14px;line-height: 14px;font-family: Montserrat, sans-serif !important\"><strong>\u0645\u062e\u062a\u0644\u0641\u0629<\/strong><\/span><\/span><span class=\"left_line teksatir\" style=\"margin: 0px;padding: 0px;font-size: 14px;line-height: 14px;font-family: Montserrat, sans-serif !important\"><span style=\"margin: 0px;padding: 0px;font-size: 14px;line-height: 14px;font-family: Montserrat, sans-serif !important\"><strong> <\/strong><\/span><\/span><span class=\"left_line teksatir\" style=\"margin: 0px;padding: 0px;font-size: 14px;line-height: 14px;font-family: Montserrat, sans-serif !important\"><span style=\"margin: 0px;padding: 0px;font-size: 14px;line-height: 14px;font-family: Montserrat, sans-serif !important\"><strong>\u0641\u064a<\/strong><\/span><\/span><span class=\"left_line teksatir\" style=\"margin: 0px;padding: 0px;font-size: 14px;line-height: 14px;font-family: Montserrat, sans-serif !important\"><span style=\"margin: 0px;padding: 0px;font-size: 14px;line-height: 14px;font-family: Montserrat, sans-serif !important\"><strong> <\/strong><\/span><\/span><span class=\"left_line teksatir\" style=\"margin: 0px;padding: 0px;font-size: 14px;line-height: 14px;font-family: Montserrat, sans-serif !important\"><span style=\"margin: 0px;padding: 0px;font-size: 14px;line-height: 14px;font-family: Montserrat, sans-serif !important\"><strong>\u062a\u0643\u0648\u064a\u0646\u0647<\/strong><\/span><\/span><span class=\"left_line teksatir\" style=\"margin: 0px;padding: 0px;font-size: 14px;line-height: 14px;font-family: Montserrat, sans-serif !important\"><span style=\"margin: 0px;padding: 0px;font-size: 14px;line-height: 14px;font-family: Montserrat, sans-serif !important\"><strong>.<\/strong><\/span><\/span><\/h3>\n<\/div>\n<div class=\"PriceList\" style=\"margin: 15px 0px 5px;padding: 0px 0px 15px;float: left;position: relative;width: 385.15625px;border-bottom-width: 1px;border-bottom-style: solid\">\n<div id=\"pnlFiyatlar\" style=\"margin: 12px 0px 0px;padding: 0px;vertical-align: top;float: left;font-family: Montserrat, sans-serif;font-size: 12.8px;font-style: normal;font-weight: 400;letter-spacing: normal;text-align: start;text-indent: 0px;text-transform: none;text-decoration: none\">\n<div id=\"divFiyatAlanlari\" style=\"margin: 0px;padding: 0px\">\n<div class=\"urunDetayFiyatContainer\" style=\"margin: 0px;padding: 0px\"><strong><\/strong><\/div>\n<\/div>\n<\/div>\n<\/div>\n<p><strong><br \/>\n<\/strong><\/p>","protected":false},"excerpt":{"rendered":"<p>&nbsp; Otac\u0131 Plant Extract Relaxing Body Oil \u064a\u0631\u0637\u0628 \u0628\u0634\u0631\u062a\u0643 \u0628\u0639\u0645\u0642 \u0648\u064a\u0631\u064a\u062d\u0647\u0627 \u0648\u064a\u0646\u0639\u0634\u0647\u0627 \u0637\u0648\u0627\u0644 \u0627\u0644\u0644\u064a\u0644 \u0645\u0639 5 \u0632\u064a\u0648\u062a \u0645\u062e\u062a\u0644\u0641\u0629 \u0641\u064a \u062a\u0643\u0648\u064a\u0646\u0647.<\/p>","protected":false},"featured_media":9025,"comment_status":"open","ping_status":"closed","template":"","meta":{"_uag_custom_page_level_css":"","site-sidebar-layout":"default","site-content-layout":"","ast-site-content-layout":"","site-content-style":"default","site-sidebar-style":"default","ast-global-header-display":"","ast-banner-title-visibility":"","ast-main-header-display":"","ast-hfb-above-header-display":"","ast-hfb-below-header-display":"","ast-hfb-mobile-header-display":"","site-post-title":"","ast-breadcrumbs-content":"","ast-featured-img":"","footer-sml-layout":"","theme-transparent-header-meta":"","adv-header-id-meta":"","stick-header-meta":"","header-above-stick-meta":"","header-main-stick-meta":"","header-below-stick-meta":"","astra-migrate-meta-layouts":"default","ast-page-background-enabled":"default","ast-page-background-meta":{"desktop":{"background-color":"var(--ast-global-color-4)","background-image":"","background-repeat":"repeat","background-position":"center center","background-size":"auto","background-attachment":"scroll","background-type":"","background-media":"","overlay-type":"","overlay-color":"","overlay-opacity":"","overlay-gradient":""},"tablet":{"background-color":"","background-image":"","background-repeat":"repeat","background-position":"center center","background-size":"auto","background-attachment":"scroll","background-type":"","background-media":"","overlay-type":"","overlay-color":"","overlay-opacity":"","overlay-gradient":""},"mobile":{"background-color":"","background-image":"","background-repeat":"repeat","background-position":"center center","background-size":"auto","background-attachment":"scroll","background-type":"","background-media":"","overlay-type":"","overlay-color":"","overlay-opacity":"","overlay-gradient":""}},"ast-content-background-meta":{"desktop":{"background-color":"var(--ast-global-color-5)","background-image":"","background-repeat":"repeat","background-position":"center center","background-size":"auto","background-attachment":"scroll","background-type":"","background-media":"","overlay-type":"","overlay-color":"","overlay-opacity":"","overlay-gradient":""},"tablet":{"background-color":"var(--ast-global-color-5)","background-image":"","background-repeat":"repeat","background-position":"center center","background-size":"auto","background-attachment":"scroll","background-type":"","background-media":"","overlay-type":"","overlay-color":"","overlay-opacity":"","overlay-gradient":""},"mobile":{"background-color":"var(--ast-global-color-5)","background-image":"","background-repeat":"repeat","background-position":"center center","background-size":"auto","background-attachment":"scroll","background-type":"","background-media":"","overlay-type":"","overlay-color":"","overlay-opacity":"","overlay-gradient":""}}},"product_brand":[],"product_cat":[357,122],"product_tag":[],"class_list":{"0":"post-9026","1":"product","2":"type-product","3":"status-publish","4":"has-post-thumbnail","6":"product_cat-otaci","7":"product_cat-cosmetics","8":"desktop-align-center","9":"tablet-align-center","10":"mobile-align-center","12":"first","13":"instock","14":"shipping-taxable","15":"purchasable","16":"product-type-simple"},"aioseo_notices":[],"uagb_featured_image_src":{"full":["https:\/\/vivauralb.com\/wp-content\/uploads\/2025\/03\/img_7006.jpeg",998,929,false],"thumbnail":["https:\/\/vivauralb.com\/wp-content\/uploads\/2025\/03\/img_7006-150x150.jpeg",150,150,true],"medium":["https:\/\/vivauralb.com\/wp-content\/uploads\/2025\/03\/img_7006-300x279.jpeg",300,279,true],"medium_large":["https:\/\/vivauralb.com\/wp-content\/uploads\/2025\/03\/img_7006-768x715.jpeg",768,715,true],"large":["https:\/\/vivauralb.com\/wp-content\/uploads\/2025\/03\/img_7006.jpeg",998,929,false],"1536x1536":["https:\/\/vivauralb.com\/wp-content\/uploads\/2025\/03\/img_7006.jpeg",998,929,false],"2048x2048":["https:\/\/vivauralb.com\/wp-content\/uploads\/2025\/03\/img_7006.jpeg",998,929,false],"trp-custom-language-flag":["https:\/\/vivauralb.com\/wp-content\/uploads\/2025\/03\/img_7006-13x12.jpeg",13,12,true],"woocommerce_thumbnail":["https:\/\/vivauralb.com\/wp-content\/uploads\/2025\/03\/img_7006-300x300.jpeg",300,300,true],"woocommerce_single":["https:\/\/vivauralb.com\/wp-content\/uploads\/2025\/03\/img_7006-600x559.jpeg",600,559,true],"woocommerce_gallery_thumbnail":["https:\/\/vivauralb.com\/wp-content\/uploads\/2025\/03\/img_7006-100x100.jpeg",100,100,true],"dgwt-wcas-product-suggestion":["https:\/\/vivauralb.com\/wp-content\/uploads\/2025\/03\/img_7006-64x60.jpeg",64,60,true]},"uagb_author_info":{"display_name":"Abdelrahman Moussa","author_link":"https:\/\/vivauralb.com\/ar\/author\/"},"uagb_comment_info":0,"uagb_excerpt":"&nbsp; Otac\u0131 Plant Extract Relaxing Body Oil \u064a\u0631\u0637\u0628 \u0628\u0634\u0631\u062a\u0643 \u0628\u0639\u0645\u0642 \u0648\u064a\u0631\u064a\u062d\u0647\u0627 \u0648\u064a\u0646\u0639\u0634\u0647\u0627 \u0637\u0648\u0627\u0644 \u0627\u0644\u0644\u064a\u0644 \u0645\u0639 5 \u0632\u064a\u0648\u062a \u0645\u062e\u062a\u0644\u0641\u0629 \u0641\u064a \u062a\u0643\u0648\u064a\u0646\u0647.","jetpack_sharing_enabled":true,"_links":{"self":[{"href":"https:\/\/vivauralb.com\/ar\/wp-json\/wp\/v2\/product\/9026","targetHints":{"allow":["GET"]}}],"collection":[{"href":"https:\/\/vivauralb.com\/ar\/wp-json\/wp\/v2\/product"}],"about":[{"href":"https:\/\/vivauralb.com\/ar\/wp-json\/wp\/v2\/types\/product"}],"replies":[{"embeddable":true,"href":"https:\/\/vivauralb.com\/ar\/wp-json\/wp\/v2\/comments?post=9026"}],"wp:featuredmedia":[{"embeddable":true,"href":"https:\/\/vivauralb.com\/ar\/wp-json\/wp\/v2\/media\/9025"}],"wp:attachment":[{"href":"https:\/\/vivauralb.com\/ar\/wp-json\/wp\/v2\/media?parent=9026"}],"wp:term":[{"taxonomy":"product_brand","embeddable":true,"href":"https:\/\/vivauralb.com\/ar\/wp-json\/wp\/v2\/product_brand?post=9026"},{"taxonomy":"product_cat","embeddable":true,"href":"https:\/\/vivauralb.com\/ar\/wp-json\/wp\/v2\/product_cat?post=9026"},{"taxonomy":"product_tag","embeddable":true,"href":"https:\/\/vivauralb.com\/ar\/wp-json\/wp\/v2\/product_tag?post=9026"}],"curies":[{"name":"wp","href":"https:\/\/api.w.org\/{rel}","templated":true}]}}