{"id":9018,"date":"2025-03-26T08:27:37","date_gmt":"2025-03-26T08:27:37","guid":{"rendered":"https:\/\/vivauralb.com\/product\/otaci-naturway-bitkisel-sarimsakli-sampuan-500-ml\/"},"modified":"2025-07-09T08:12:54","modified_gmt":"2025-07-09T08:12:54","slug":"otaci-naturway-bitkisel-sarimsakli-sampuan-500-ml","status":"publish","type":"product","link":"https:\/\/vivauralb.com\/ar\/product\/otaci-naturway-bitkisel-sarimsakli-sampuan-500-ml\/","title":{"rendered":"Otac\u0131 naturway bitkisel sar\u0131msakl\u0131 \u015fampuan 500 ml"},"content":{"rendered":"<p><strong><\/strong><\/p>\n<h3 style=\"margin: 0px;padding: 0px;font-weight: normal;font-size: 14px;line-height: 14px;font-family: Montserrat, sans-serif;font-style: normal;letter-spacing: normal;text-align: start;text-indent: 0px;text-transform: none;text-decoration: none\"><strong>\u0628\u0641\u0636\u0644 \u0645\u062d\u062a\u0648\u0627\u0647 \u0645\u0646 \u0627\u0644\u062b\u0648\u0645\u060c \u0641\u0625\u0646\u0647 \u064a\u0646\u0638\u0641 \u0634\u0639\u0631\u0643 \u0648\u0641\u0631\u0648\u0629 \u0631\u0623\u0633\u0643 \u0628\u0644\u0637\u0641\u060c \u0645\u0645\u0627 \u064a\u0633\u0627\u0639\u062f\u0643 \u0639\u0644\u0649 \u0627\u0644\u062d\u0635\u0648\u0644 \u0639\u0644\u0649 \u0634\u0639\u0631 \u064a\u0646\u0645\u0648 \u0642\u0648\u064a\u0627 \u0648\u0635\u062d\u064a\u0627 \u062f\u0648\u0646 \u0625\u062a\u0644\u0627\u0641\u0647.<\/strong><\/h3>","protected":false},"excerpt":{"rendered":"<p>\u0628\u0641\u0636\u0644 \u0645\u062d\u062a\u0648\u0627\u0647 \u0645\u0646 \u0627\u0644\u062b\u0648\u0645\u060c \u0641\u0625\u0646\u0647 \u064a\u0646\u0638\u0641 \u0634\u0639\u0631\u0643 \u0648\u0641\u0631\u0648\u0629 \u0631\u0623\u0633\u0643 \u0628\u0644\u0637\u0641\u060c \u0645\u0645\u0627 \u064a\u0633\u0627\u0639\u062f\u0643 \u0639\u0644\u0649 \u0627\u0644\u062d\u0635\u0648\u0644 \u0639\u0644\u0649 \u0634\u0639\u0631 \u064a\u0646\u0645\u0648 \u0642\u0648\u064a\u0627 \u0648\u0635\u062d\u064a\u0627 \u062f\u0648\u0646 [&hellip;]<\/p>","protected":false},"featured_media":9017,"comment_status":"open","ping_status":"closed","template":"","meta":{"_uag_custom_page_level_css":"","site-sidebar-layout":"default","site-content-layout":"","ast-site-content-layout":"","site-content-style":"default","site-sidebar-style":"default","ast-global-header-display":"","ast-banner-title-visibility":"","ast-main-header-display":"","ast-hfb-above-header-display":"","ast-hfb-below-header-display":"","ast-hfb-mobile-header-display":"","site-post-title":"","ast-breadcrumbs-content":"","ast-featured-img":"","footer-sml-layout":"","theme-transparent-header-meta":"","adv-header-id-meta":"","stick-header-meta":"","header-above-stick-meta":"","header-main-stick-meta":"","header-below-stick-meta":"","astra-migrate-meta-layouts":"default","ast-page-background-enabled":"default","ast-page-background-meta":{"desktop":{"background-color":"var(--ast-global-color-4)","background-image":"","background-repeat":"repeat","background-position":"center center","background-size":"auto","background-attachment":"scroll","background-type":"","background-media":"","overlay-type":"","overlay-color":"","overlay-opacity":"","overlay-gradient":""},"tablet":{"background-color":"","background-image":"","background-repeat":"repeat","background-position":"center center","background-size":"auto","background-attachment":"scroll","background-type":"","background-media":"","overlay-type":"","overlay-color":"","overlay-opacity":"","overlay-gradient":""},"mobile":{"background-color":"","background-image":"","background-repeat":"repeat","background-position":"center center","background-size":"auto","background-attachment":"scroll","background-type":"","background-media":"","overlay-type":"","overlay-color":"","overlay-opacity":"","overlay-gradient":""}},"ast-content-background-meta":{"desktop":{"background-color":"var(--ast-global-color-5)","background-image":"","background-repeat":"repeat","background-position":"center center","background-size":"auto","background-attachment":"scroll","background-type":"","background-media":"","overlay-type":"","overlay-color":"","overlay-opacity":"","overlay-gradient":""},"tablet":{"background-color":"var(--ast-global-color-5)","background-image":"","background-repeat":"repeat","background-position":"center center","background-size":"auto","background-attachment":"scroll","background-type":"","background-media":"","overlay-type":"","overlay-color":"","overlay-opacity":"","overlay-gradient":""},"mobile":{"background-color":"var(--ast-global-color-5)","background-image":"","background-repeat":"repeat","background-position":"center center","background-size":"auto","background-attachment":"scroll","background-type":"","background-media":"","overlay-type":"","overlay-color":"","overlay-opacity":"","overlay-gradient":""}}},"product_brand":[],"product_cat":[357,122],"product_tag":[],"class_list":{"0":"post-9018","1":"product","2":"type-product","3":"status-publish","4":"has-post-thumbnail","6":"product_cat-otaci","7":"product_cat-cosmetics","8":"desktop-align-center","9":"tablet-align-center","10":"mobile-align-center","12":"first","13":"instock","14":"shipping-taxable","15":"purchasable","16":"product-type-simple"},"aioseo_notices":[],"uagb_featured_image_src":{"full":["https:\/\/vivauralb.com\/wp-content\/uploads\/2025\/03\/img_7002.jpeg",929,1078,false],"thumbnail":["https:\/\/vivauralb.com\/wp-content\/uploads\/2025\/03\/img_7002-150x150.jpeg",150,150,true],"medium":["https:\/\/vivauralb.com\/wp-content\/uploads\/2025\/03\/img_7002-259x300.jpeg",259,300,true],"medium_large":["https:\/\/vivauralb.com\/wp-content\/uploads\/2025\/03\/img_7002-768x891.jpeg",768,891,true],"large":["https:\/\/vivauralb.com\/wp-content\/uploads\/2025\/03\/img_7002-882x1024.jpeg",882,1024,true],"1536x1536":["https:\/\/vivauralb.com\/wp-content\/uploads\/2025\/03\/img_7002.jpeg",929,1078,false],"2048x2048":["https:\/\/vivauralb.com\/wp-content\/uploads\/2025\/03\/img_7002.jpeg",929,1078,false],"trp-custom-language-flag":["https:\/\/vivauralb.com\/wp-content\/uploads\/2025\/03\/img_7002-10x12.jpeg",10,12,true],"woocommerce_thumbnail":["https:\/\/vivauralb.com\/wp-content\/uploads\/2025\/03\/img_7002-300x300.jpeg",300,300,true],"woocommerce_single":["https:\/\/vivauralb.com\/wp-content\/uploads\/2025\/03\/img_7002-600x696.jpeg",600,696,true],"woocommerce_gallery_thumbnail":["https:\/\/vivauralb.com\/wp-content\/uploads\/2025\/03\/img_7002-100x100.jpeg",100,100,true],"dgwt-wcas-product-suggestion":["https:\/\/vivauralb.com\/wp-content\/uploads\/2025\/03\/img_7002-64x74.jpeg",64,74,true]},"uagb_author_info":{"display_name":"Abdelrahman Moussa","author_link":"https:\/\/vivauralb.com\/ar\/author\/"},"uagb_comment_info":0,"uagb_excerpt":"\u0628\u0641\u0636\u0644 \u0645\u062d\u062a\u0648\u0627\u0647 \u0645\u0646 \u0627\u0644\u062b\u0648\u0645\u060c \u0641\u0625\u0646\u0647 \u064a\u0646\u0638\u0641 \u0634\u0639\u0631\u0643 \u0648\u0641\u0631\u0648\u0629 \u0631\u0623\u0633\u0643 \u0628\u0644\u0637\u0641\u060c \u0645\u0645\u0627 \u064a\u0633\u0627\u0639\u062f\u0643 \u0639\u0644\u0649 \u0627\u0644\u062d\u0635\u0648\u0644 \u0639\u0644\u0649 \u0634\u0639\u0631 \u064a\u0646\u0645\u0648 \u0642\u0648\u064a\u0627 \u0648\u0635\u062d\u064a\u0627 \u062f\u0648\u0646 [&hellip;]","jetpack_sharing_enabled":true,"_links":{"self":[{"href":"https:\/\/vivauralb.com\/ar\/wp-json\/wp\/v2\/product\/9018","targetHints":{"allow":["GET"]}}],"collection":[{"href":"https:\/\/vivauralb.com\/ar\/wp-json\/wp\/v2\/product"}],"about":[{"href":"https:\/\/vivauralb.com\/ar\/wp-json\/wp\/v2\/types\/product"}],"replies":[{"embeddable":true,"href":"https:\/\/vivauralb.com\/ar\/wp-json\/wp\/v2\/comments?post=9018"}],"wp:featuredmedia":[{"embeddable":true,"href":"https:\/\/vivauralb.com\/ar\/wp-json\/wp\/v2\/media\/9017"}],"wp:attachment":[{"href":"https:\/\/vivauralb.com\/ar\/wp-json\/wp\/v2\/media?parent=9018"}],"wp:term":[{"taxonomy":"product_brand","embeddable":true,"href":"https:\/\/vivauralb.com\/ar\/wp-json\/wp\/v2\/product_brand?post=9018"},{"taxonomy":"product_cat","embeddable":true,"href":"https:\/\/vivauralb.com\/ar\/wp-json\/wp\/v2\/product_cat?post=9018"},{"taxonomy":"product_tag","embeddable":true,"href":"https:\/\/vivauralb.com\/ar\/wp-json\/wp\/v2\/product_tag?post=9018"}],"curies":[{"name":"wp","href":"https:\/\/api.w.org\/{rel}","templated":true}]}}