{"id":9010,"date":"2025-03-26T08:18:52","date_gmt":"2025-03-26T08:18:52","guid":{"rendered":"https:\/\/vivauralb.com\/product\/otaci-gullu-su-250-ml\/"},"modified":"2025-07-09T08:12:16","modified_gmt":"2025-07-09T08:12:16","slug":"otaci-gullu-su-250-ml","status":"publish","type":"product","link":"https:\/\/vivauralb.com\/ar\/product\/otaci-gullu-su-250-ml\/","title":{"rendered":"Otac\u0131 g\u00fcll\u00fc su 250 ml"},"content":{"rendered":"<p><strong><\/strong><\/p>\n<h3 style=\"margin: 0px;padding: 0px;font-weight: normal;font-size: 14px;line-height: 14px;font-family: Montserrat, sans-serif;font-style: normal;letter-spacing: normal;text-align: start;text-indent: 0px;text-transform: none;text-decoration: none\"><strong>\u064a\u0646\u0638\u0641 Otac\u0131 Rose Water \u0628\u0634\u0631\u062a\u0643 \u0628\u0644\u0637\u0641\u060c \u0648\u064a\u0645\u0646\u062d\u0647\u0627 \u0646\u0639\u0648\u0645\u0629 \u0648\u0646\u0636\u0627\u0631\u0629 \u0645\u0639 \u062a\u0631\u0643 \u0631\u0627\u0626\u062d\u0629 \u0644\u0637\u064a\u0641\u0629.<\/strong><\/h3>","protected":false},"excerpt":{"rendered":"<p>\u064a\u0646\u0638\u0641 Otac\u0131 Rose Water \u0628\u0634\u0631\u062a\u0643 \u0628\u0644\u0637\u0641\u060c \u0648\u064a\u0645\u0646\u062d\u0647\u0627 \u0646\u0639\u0648\u0645\u0629 \u0648\u0646\u0636\u0627\u0631\u0629 \u0645\u0639 \u062a\u0631\u0643 \u0631\u0627\u0626\u062d\u0629 \u0644\u0637\u064a\u0641\u0629.<\/p>","protected":false},"featured_media":9009,"comment_status":"open","ping_status":"closed","template":"","meta":{"_uag_custom_page_level_css":"","site-sidebar-layout":"default","site-content-layout":"","ast-site-content-layout":"","site-content-style":"default","site-sidebar-style":"default","ast-global-header-display":"","ast-banner-title-visibility":"","ast-main-header-display":"","ast-hfb-above-header-display":"","ast-hfb-below-header-display":"","ast-hfb-mobile-header-display":"","site-post-title":"","ast-breadcrumbs-content":"","ast-featured-img":"","footer-sml-layout":"","theme-transparent-header-meta":"","adv-header-id-meta":"","stick-header-meta":"","header-above-stick-meta":"","header-main-stick-meta":"","header-below-stick-meta":"","astra-migrate-meta-layouts":"default","ast-page-background-enabled":"default","ast-page-background-meta":{"desktop":{"background-color":"var(--ast-global-color-4)","background-image":"","background-repeat":"repeat","background-position":"center center","background-size":"auto","background-attachment":"scroll","background-type":"","background-media":"","overlay-type":"","overlay-color":"","overlay-opacity":"","overlay-gradient":""},"tablet":{"background-color":"","background-image":"","background-repeat":"repeat","background-position":"center center","background-size":"auto","background-attachment":"scroll","background-type":"","background-media":"","overlay-type":"","overlay-color":"","overlay-opacity":"","overlay-gradient":""},"mobile":{"background-color":"","background-image":"","background-repeat":"repeat","background-position":"center center","background-size":"auto","background-attachment":"scroll","background-type":"","background-media":"","overlay-type":"","overlay-color":"","overlay-opacity":"","overlay-gradient":""}},"ast-content-background-meta":{"desktop":{"background-color":"var(--ast-global-color-5)","background-image":"","background-repeat":"repeat","background-position":"center center","background-size":"auto","background-attachment":"scroll","background-type":"","background-media":"","overlay-type":"","overlay-color":"","overlay-opacity":"","overlay-gradient":""},"tablet":{"background-color":"var(--ast-global-color-5)","background-image":"","background-repeat":"repeat","background-position":"center center","background-size":"auto","background-attachment":"scroll","background-type":"","background-media":"","overlay-type":"","overlay-color":"","overlay-opacity":"","overlay-gradient":""},"mobile":{"background-color":"var(--ast-global-color-5)","background-image":"","background-repeat":"repeat","background-position":"center center","background-size":"auto","background-attachment":"scroll","background-type":"","background-media":"","overlay-type":"","overlay-color":"","overlay-opacity":"","overlay-gradient":""}}},"product_brand":[],"product_cat":[357,122],"product_tag":[],"class_list":{"0":"post-9010","1":"product","2":"type-product","3":"status-publish","4":"has-post-thumbnail","6":"product_cat-otaci","7":"product_cat-cosmetics","8":"desktop-align-center","9":"tablet-align-center","10":"mobile-align-center","12":"first","13":"instock","14":"shipping-taxable","15":"purchasable","16":"product-type-simple"},"aioseo_notices":[],"uagb_featured_image_src":{"full":["https:\/\/vivauralb.com\/wp-content\/uploads\/2025\/03\/img_6997.jpeg",981,1149,false],"thumbnail":["https:\/\/vivauralb.com\/wp-content\/uploads\/2025\/03\/img_6997-150x150.jpeg",150,150,true],"medium":["https:\/\/vivauralb.com\/wp-content\/uploads\/2025\/03\/img_6997-256x300.jpeg",256,300,true],"medium_large":["https:\/\/vivauralb.com\/wp-content\/uploads\/2025\/03\/img_6997-768x900.jpeg",768,900,true],"large":["https:\/\/vivauralb.com\/wp-content\/uploads\/2025\/03\/img_6997-874x1024.jpeg",874,1024,true],"1536x1536":["https:\/\/vivauralb.com\/wp-content\/uploads\/2025\/03\/img_6997.jpeg",981,1149,false],"2048x2048":["https:\/\/vivauralb.com\/wp-content\/uploads\/2025\/03\/img_6997.jpeg",981,1149,false],"trp-custom-language-flag":["https:\/\/vivauralb.com\/wp-content\/uploads\/2025\/03\/img_6997-10x12.jpeg",10,12,true],"woocommerce_thumbnail":["https:\/\/vivauralb.com\/wp-content\/uploads\/2025\/03\/img_6997-300x300.jpeg",300,300,true],"woocommerce_single":["https:\/\/vivauralb.com\/wp-content\/uploads\/2025\/03\/img_6997-600x703.jpeg",600,703,true],"woocommerce_gallery_thumbnail":["https:\/\/vivauralb.com\/wp-content\/uploads\/2025\/03\/img_6997-100x100.jpeg",100,100,true],"dgwt-wcas-product-suggestion":["https:\/\/vivauralb.com\/wp-content\/uploads\/2025\/03\/img_6997-64x75.jpeg",64,75,true]},"uagb_author_info":{"display_name":"Abdelrahman Moussa","author_link":"https:\/\/vivauralb.com\/ar\/author\/"},"uagb_comment_info":0,"uagb_excerpt":"\u064a\u0646\u0638\u0641 Otac\u0131 Rose Water \u0628\u0634\u0631\u062a\u0643 \u0628\u0644\u0637\u0641\u060c \u0648\u064a\u0645\u0646\u062d\u0647\u0627 \u0646\u0639\u0648\u0645\u0629 \u0648\u0646\u0636\u0627\u0631\u0629 \u0645\u0639 \u062a\u0631\u0643 \u0631\u0627\u0626\u062d\u0629 \u0644\u0637\u064a\u0641\u0629.","jetpack_sharing_enabled":true,"_links":{"self":[{"href":"https:\/\/vivauralb.com\/ar\/wp-json\/wp\/v2\/product\/9010","targetHints":{"allow":["GET"]}}],"collection":[{"href":"https:\/\/vivauralb.com\/ar\/wp-json\/wp\/v2\/product"}],"about":[{"href":"https:\/\/vivauralb.com\/ar\/wp-json\/wp\/v2\/types\/product"}],"replies":[{"embeddable":true,"href":"https:\/\/vivauralb.com\/ar\/wp-json\/wp\/v2\/comments?post=9010"}],"wp:featuredmedia":[{"embeddable":true,"href":"https:\/\/vivauralb.com\/ar\/wp-json\/wp\/v2\/media\/9009"}],"wp:attachment":[{"href":"https:\/\/vivauralb.com\/ar\/wp-json\/wp\/v2\/media?parent=9010"}],"wp:term":[{"taxonomy":"product_brand","embeddable":true,"href":"https:\/\/vivauralb.com\/ar\/wp-json\/wp\/v2\/product_brand?post=9010"},{"taxonomy":"product_cat","embeddable":true,"href":"https:\/\/vivauralb.com\/ar\/wp-json\/wp\/v2\/product_cat?post=9010"},{"taxonomy":"product_tag","embeddable":true,"href":"https:\/\/vivauralb.com\/ar\/wp-json\/wp\/v2\/product_tag?post=9010"}],"curies":[{"name":"wp","href":"https:\/\/api.w.org\/{rel}","templated":true}]}}