{"id":9008,"date":"2025-03-26T08:16:00","date_gmt":"2025-03-26T08:16:00","guid":{"rendered":"https:\/\/vivauralb.com\/product\/otaci-goz-cevresi-bakim-krem-15-ml\/"},"modified":"2025-07-09T08:12:05","modified_gmt":"2025-07-09T08:12:05","slug":"otaci-goz-cevresi-bakim-krem-15-ml","status":"publish","type":"product","link":"https:\/\/vivauralb.com\/ar\/product\/otaci-goz-cevresi-bakim-krem-15-ml\/","title":{"rendered":"Otac\u0131 g\u00f6z \u00e7evresi bak\u0131m krem 15 ml"},"content":{"rendered":"<p><strong><\/strong><\/p>\n<h3 style=\"margin: 0px;padding: 0px;font-weight: normal;font-size: 14px;line-height: 14px;font-family: Montserrat, sans-serif;font-style: normal;letter-spacing: normal;text-align: start;text-indent: 0px;text-transform: none;text-decoration: none\"><strong>\u062a\u0639\u0637\u064a \u0645\u0639\u062c\u0632\u0629 \u0645\u0627\u0621 \u0627\u0644\u0648\u0631\u062f \u0627\u0644\u0637\u0628\u064a\u0639\u064a \u0645\u0638\u0647\u0631\u0627 \u0645\u0634\u0631\u0642\u0627 \u0648\u0634\u0628\u0627\u0628\u064a\u0627 \u0648\u0635\u062d\u064a\u0627 \u0644\u0645\u0646\u0637\u0642\u0629 \u0627\u0644\u0639\u064a\u0646 \u0628\u0645\u062d\u062a\u0648\u0627\u0647\u0627 \u0627\u0644\u063a\u0646\u064a \u0645\u0646 \u0627\u0644\u0641\u064a\u062a\u0627\u0645\u064a\u0646\u0627\u062a. \u064a\u062a\u0643\u0648\u0646 \u0643\u0631\u064a\u0645 \u0627\u0644\u0639\u0646\u0627\u064a\u0629 \u0628\u0627\u0644\u0639\u064a\u0646 \u0627\u0644\u0645\u0636\u0627\u062f \u0644\u0644\u062a\u0639\u0628 \u0645\u0646 \u062d\u0645\u0636 \u0627\u0644\u0647\u064a\u0627\u0644\u0648\u0631\u0648\u0646\u064a\u0643 \u0648\u0627\u0644\u0643\u0648\u0644\u0627\u062c\u064a\u0646 \u0627\u0644\u0646\u0628\u0627\u062a\u064a \u0648\u0627\u0644\u0623\u0639\u0634\u0627\u0628 \u0627\u0644\u0628\u062d\u0631\u064a\u0629 \u0648\u0645\u0633\u062a\u062e\u0644\u0635 \u0627\u0644\u0648\u0631\u062f \u0627\u0644\u0637\u0628\u064a\u0639\u064a 100\u066a \u0648\u0627\u0644\u0635\u0628\u0627\u0631 \u0627\u0644\u0639\u0636\u0648\u064a \u0648\u0632\u064a\u062a \u0627\u0644\u062c\u0648\u062c\u0648\u0628\u0627 \u0627\u0644\u0639\u0636\u0648\u064a \u0648\u0641\u064a\u062a\u0627\u0645\u064a\u0646 C \u0648\u0641\u064a\u062a\u0627\u0645\u064a\u0646 E \u0648\u0627\u0644\u0628\u0627\u0646\u062b\u064a\u0646\u0648\u0644.<\/strong><\/h3>","protected":false},"excerpt":{"rendered":"<p>\u062a\u0639\u0637\u064a \u0645\u0639\u062c\u0632\u0629 \u0645\u0627\u0621 \u0627\u0644\u0648\u0631\u062f \u0627\u0644\u0637\u0628\u064a\u0639\u064a \u0645\u0638\u0647\u0631\u0627 \u0645\u0634\u0631\u0642\u0627 \u0648\u0634\u0628\u0627\u0628\u064a\u0627 \u0648\u0635\u062d\u064a\u0627 \u0644\u0645\u0646\u0637\u0642\u0629 \u0627\u0644\u0639\u064a\u0646 \u0628\u0645\u062d\u062a\u0648\u0627\u0647\u0627 \u0627\u0644\u063a\u0646\u064a \u0645\u0646 \u0627\u0644\u0641\u064a\u062a\u0627\u0645\u064a\u0646\u0627\u062a. \u064a\u062a\u0643\u0648\u0646 \u0643\u0631\u064a\u0645 \u0627\u0644\u0639\u0646\u0627\u064a\u0629 \u0628\u0627\u0644\u0639\u064a\u0646 \u0627\u0644\u0645\u0636\u0627\u062f [&hellip;]<\/p>","protected":false},"featured_media":9007,"comment_status":"open","ping_status":"closed","template":"","meta":{"_uag_custom_page_level_css":"","site-sidebar-layout":"default","site-content-layout":"","ast-site-content-layout":"","site-content-style":"default","site-sidebar-style":"default","ast-global-header-display":"","ast-banner-title-visibility":"","ast-main-header-display":"","ast-hfb-above-header-display":"","ast-hfb-below-header-display":"","ast-hfb-mobile-header-display":"","site-post-title":"","ast-breadcrumbs-content":"","ast-featured-img":"","footer-sml-layout":"","theme-transparent-header-meta":"","adv-header-id-meta":"","stick-header-meta":"","header-above-stick-meta":"","header-main-stick-meta":"","header-below-stick-meta":"","astra-migrate-meta-layouts":"default","ast-page-background-enabled":"default","ast-page-background-meta":{"desktop":{"background-color":"var(--ast-global-color-4)","background-image":"","background-repeat":"repeat","background-position":"center center","background-size":"auto","background-attachment":"scroll","background-type":"","background-media":"","overlay-type":"","overlay-color":"","overlay-opacity":"","overlay-gradient":""},"tablet":{"background-color":"","background-image":"","background-repeat":"repeat","background-position":"center center","background-size":"auto","background-attachment":"scroll","background-type":"","background-media":"","overlay-type":"","overlay-color":"","overlay-opacity":"","overlay-gradient":""},"mobile":{"background-color":"","background-image":"","background-repeat":"repeat","background-position":"center center","background-size":"auto","background-attachment":"scroll","background-type":"","background-media":"","overlay-type":"","overlay-color":"","overlay-opacity":"","overlay-gradient":""}},"ast-content-background-meta":{"desktop":{"background-color":"var(--ast-global-color-5)","background-image":"","background-repeat":"repeat","background-position":"center center","background-size":"auto","background-attachment":"scroll","background-type":"","background-media":"","overlay-type":"","overlay-color":"","overlay-opacity":"","overlay-gradient":""},"tablet":{"background-color":"var(--ast-global-color-5)","background-image":"","background-repeat":"repeat","background-position":"center center","background-size":"auto","background-attachment":"scroll","background-type":"","background-media":"","overlay-type":"","overlay-color":"","overlay-opacity":"","overlay-gradient":""},"mobile":{"background-color":"var(--ast-global-color-5)","background-image":"","background-repeat":"repeat","background-position":"center center","background-size":"auto","background-attachment":"scroll","background-type":"","background-media":"","overlay-type":"","overlay-color":"","overlay-opacity":"","overlay-gradient":""}}},"product_brand":[],"product_cat":[357,122],"product_tag":[],"class_list":{"0":"post-9008","1":"product","2":"type-product","3":"status-publish","4":"has-post-thumbnail","6":"product_cat-otaci","7":"product_cat-cosmetics","8":"desktop-align-center","9":"tablet-align-center","10":"mobile-align-center","12":"first","13":"instock","14":"shipping-taxable","15":"purchasable","16":"product-type-simple"},"aioseo_notices":[],"uagb_featured_image_src":{"full":["https:\/\/vivauralb.com\/wp-content\/uploads\/2025\/03\/img_6995.jpeg",901,1047,false],"thumbnail":["https:\/\/vivauralb.com\/wp-content\/uploads\/2025\/03\/img_6995-150x150.jpeg",150,150,true],"medium":["https:\/\/vivauralb.com\/wp-content\/uploads\/2025\/03\/img_6995-258x300.jpeg",258,300,true],"medium_large":["https:\/\/vivauralb.com\/wp-content\/uploads\/2025\/03\/img_6995-768x892.jpeg",768,892,true],"large":["https:\/\/vivauralb.com\/wp-content\/uploads\/2025\/03\/img_6995-881x1024.jpeg",881,1024,true],"1536x1536":["https:\/\/vivauralb.com\/wp-content\/uploads\/2025\/03\/img_6995.jpeg",901,1047,false],"2048x2048":["https:\/\/vivauralb.com\/wp-content\/uploads\/2025\/03\/img_6995.jpeg",901,1047,false],"trp-custom-language-flag":["https:\/\/vivauralb.com\/wp-content\/uploads\/2025\/03\/img_6995-10x12.jpeg",10,12,true],"woocommerce_thumbnail":["https:\/\/vivauralb.com\/wp-content\/uploads\/2025\/03\/img_6995-300x300.jpeg",300,300,true],"woocommerce_single":["https:\/\/vivauralb.com\/wp-content\/uploads\/2025\/03\/img_6995-600x697.jpeg",600,697,true],"woocommerce_gallery_thumbnail":["https:\/\/vivauralb.com\/wp-content\/uploads\/2025\/03\/img_6995-100x100.jpeg",100,100,true],"dgwt-wcas-product-suggestion":["https:\/\/vivauralb.com\/wp-content\/uploads\/2025\/03\/img_6995-64x74.jpeg",64,74,true]},"uagb_author_info":{"display_name":"Abdelrahman Moussa","author_link":"https:\/\/vivauralb.com\/ar\/author\/"},"uagb_comment_info":0,"uagb_excerpt":"\u062a\u0639\u0637\u064a \u0645\u0639\u062c\u0632\u0629 \u0645\u0627\u0621 \u0627\u0644\u0648\u0631\u062f \u0627\u0644\u0637\u0628\u064a\u0639\u064a \u0645\u0638\u0647\u0631\u0627 \u0645\u0634\u0631\u0642\u0627 \u0648\u0634\u0628\u0627\u0628\u064a\u0627 \u0648\u0635\u062d\u064a\u0627 \u0644\u0645\u0646\u0637\u0642\u0629 \u0627\u0644\u0639\u064a\u0646 \u0628\u0645\u062d\u062a\u0648\u0627\u0647\u0627 \u0627\u0644\u063a\u0646\u064a \u0645\u0646 \u0627\u0644\u0641\u064a\u062a\u0627\u0645\u064a\u0646\u0627\u062a. \u064a\u062a\u0643\u0648\u0646 \u0643\u0631\u064a\u0645 \u0627\u0644\u0639\u0646\u0627\u064a\u0629 \u0628\u0627\u0644\u0639\u064a\u0646 \u0627\u0644\u0645\u0636\u0627\u062f [&hellip;]","jetpack_sharing_enabled":true,"_links":{"self":[{"href":"https:\/\/vivauralb.com\/ar\/wp-json\/wp\/v2\/product\/9008","targetHints":{"allow":["GET"]}}],"collection":[{"href":"https:\/\/vivauralb.com\/ar\/wp-json\/wp\/v2\/product"}],"about":[{"href":"https:\/\/vivauralb.com\/ar\/wp-json\/wp\/v2\/types\/product"}],"replies":[{"embeddable":true,"href":"https:\/\/vivauralb.com\/ar\/wp-json\/wp\/v2\/comments?post=9008"}],"wp:featuredmedia":[{"embeddable":true,"href":"https:\/\/vivauralb.com\/ar\/wp-json\/wp\/v2\/media\/9007"}],"wp:attachment":[{"href":"https:\/\/vivauralb.com\/ar\/wp-json\/wp\/v2\/media?parent=9008"}],"wp:term":[{"taxonomy":"product_brand","embeddable":true,"href":"https:\/\/vivauralb.com\/ar\/wp-json\/wp\/v2\/product_brand?post=9008"},{"taxonomy":"product_cat","embeddable":true,"href":"https:\/\/vivauralb.com\/ar\/wp-json\/wp\/v2\/product_cat?post=9008"},{"taxonomy":"product_tag","embeddable":true,"href":"https:\/\/vivauralb.com\/ar\/wp-json\/wp\/v2\/product_tag?post=9008"}],"curies":[{"name":"wp","href":"https:\/\/api.w.org\/{rel}","templated":true}]}}