{"id":8996,"date":"2025-03-26T07:58:43","date_gmt":"2025-03-26T07:58:43","guid":{"rendered":"https:\/\/vivauralb.com\/product\/otaci-bitki-ozlu-sac-kremi-400-ml\/"},"modified":"2025-07-09T08:11:09","modified_gmt":"2025-07-09T08:11:09","slug":"otaci-bitki-ozlu-sac-kremi-400-ml","status":"publish","type":"product","link":"https:\/\/vivauralb.com\/ar\/product\/otaci-bitki-ozlu-sac-kremi-400-ml\/","title":{"rendered":"Otac\u0131 bitki \u00f6zl\u00fc sa\u00e7 kremi 400 ml"},"content":{"rendered":"<div class=\"Formline BorderNone OnYaziContent\" id=\"divOnyazi\" style=\"margin: 10px 0px 0px;padding: 0px;float: left;width: 385.15625px\">\n<h3 style=\"margin: 0px;padding: 0px;font-weight: normal;font-size: 14px;line-height: 14px;font-family: Montserrat, sans-serif !important\"><span class=\"left_line teksatir\" style=\"margin: 0px;padding: 0px;font-size: 14px;line-height: 14px;font-family: Montserrat, sans-serif !important\"><span style=\"margin: 0px;padding: 0px;font-size: 14px;line-height: 14px;font-family: Montserrat, sans-serif !important\"><strong><br \/>\n&nbsp;<\/strong><\/span><\/span><\/h3>\n<h3 style=\"margin: 0px;padding: 0px;font-weight: normal;font-size: 14px;line-height: 14px;font-family: Montserrat, sans-serif !important\"><span class=\"left_line teksatir\" style=\"margin: 0px;padding: 0px;font-size: 14px;line-height: 14px;font-family: Montserrat, sans-serif !important\"><span style=\"margin: 0px;padding: 0px;font-size: 14px;line-height: 14px;font-family: Montserrat, sans-serif !important\"><strong>\u0645\u0639<\/strong><\/span><\/span><span class=\"left_line teksatir\" style=\"margin: 0px;padding: 0px;font-size: 14px;line-height: 14px;font-family: Montserrat, sans-serif !important\"><span style=\"margin: 0px;padding: 0px;font-size: 14px;line-height: 14px;font-family: Montserrat, sans-serif !important\"><strong> <\/strong><\/span><\/span><span class=\"left_line teksatir\" style=\"margin: 0px;padding: 0px;font-size: 14px;line-height: 14px;font-family: Montserrat, sans-serif !important\"><span style=\"margin: 0px;padding: 0px;font-size: 14px;line-height: 14px;font-family: Montserrat, sans-serif !important\"><strong>\u0632\u064a\u062a<\/strong><\/span><\/span><span class=\"left_line teksatir\" style=\"margin: 0px;padding: 0px;font-size: 14px;line-height: 14px;font-family: Montserrat, sans-serif !important\"><span style=\"margin: 0px;padding: 0px;font-size: 14px;line-height: 14px;font-family: Montserrat, sans-serif !important\"><strong> 10 <\/strong><\/span><\/span><span class=\"left_line teksatir\" style=\"margin: 0px;padding: 0px;font-size: 14px;line-height: 14px;font-family: Montserrat, sans-serif !important\"><span style=\"margin: 0px;padding: 0px;font-size: 14px;line-height: 14px;font-family: Montserrat, sans-serif !important\"><strong>\u0646\u0628\u0627\u062a\u0627\u062a<\/strong><\/span><\/span><span class=\"left_line teksatir\" style=\"margin: 0px;padding: 0px;font-size: 14px;line-height: 14px;font-family: Montserrat, sans-serif !important\"><span style=\"margin: 0px;padding: 0px;font-size: 14px;line-height: 14px;font-family: Montserrat, sans-serif !important\"><strong> <\/strong><\/span><\/span><span class=\"left_line teksatir\" style=\"margin: 0px;padding: 0px;font-size: 14px;line-height: 14px;font-family: Montserrat, sans-serif !important\"><span style=\"margin: 0px;padding: 0px;font-size: 14px;line-height: 14px;font-family: Montserrat, sans-serif !important\"><strong>\u0641\u064a\u0647\u060c<\/strong><\/span><\/span><span class=\"left_line teksatir\" style=\"margin: 0px;padding: 0px;font-size: 14px;line-height: 14px;font-family: Montserrat, sans-serif !important\"><span style=\"margin: 0px;padding: 0px;font-size: 14px;line-height: 14px;font-family: Montserrat, sans-serif !important\"><strong> <\/strong><\/span><\/span><span class=\"left_line teksatir\" style=\"margin: 0px;padding: 0px;font-size: 14px;line-height: 14px;font-family: Montserrat, sans-serif !important\"><span style=\"margin: 0px;padding: 0px;font-size: 14px;line-height: 14px;font-family: Montserrat, sans-serif !important\"><strong>\u0641\u0625\u0646\u0647<\/strong><\/span><\/span><span class=\"left_line teksatir\" style=\"margin: 0px;padding: 0px;font-size: 14px;line-height: 14px;font-family: Montserrat, sans-serif !important\"><span style=\"margin: 0px;padding: 0px;font-size: 14px;line-height: 14px;font-family: Montserrat, sans-serif !important\"><strong> <\/strong><\/span><\/span><span class=\"left_line teksatir\" style=\"margin: 0px;padding: 0px;font-size: 14px;line-height: 14px;font-family: Montserrat, sans-serif !important\"><span style=\"margin: 0px;padding: 0px;font-size: 14px;line-height: 14px;font-family: Montserrat, sans-serif !important\"><strong>\u064a\u0641\u062a\u062d<\/strong><\/span><\/span><span class=\"left_line teksatir\" style=\"margin: 0px;padding: 0px;font-size: 14px;line-height: 14px;font-family: Montserrat, sans-serif !important\"><span style=\"margin: 0px;padding: 0px;font-size: 14px;line-height: 14px;font-family: Montserrat, sans-serif !important\"><strong> <\/strong><\/span><\/span><span class=\"left_line teksatir\" style=\"margin: 0px;padding: 0px;font-size: 14px;line-height: 14px;font-family: Montserrat, sans-serif !important\"><span style=\"margin: 0px;padding: 0px;font-size: 14px;line-height: 14px;font-family: Montserrat, sans-serif !important\"><strong>\u0634\u0639\u0631\u0643\u060c<\/strong><\/span><\/span><span class=\"left_line teksatir\" style=\"margin: 0px;padding: 0px;font-size: 14px;line-height: 14px;font-family: Montserrat, sans-serif !important\"><span style=\"margin: 0px;padding: 0px;font-size: 14px;line-height: 14px;font-family: Montserrat, sans-serif !important\"><strong> <\/strong><\/span><\/span><span class=\"left_line teksatir\" style=\"margin: 0px;padding: 0px;font-size: 14px;line-height: 14px;font-family: Montserrat, sans-serif !important\"><span style=\"margin: 0px;padding: 0px;font-size: 14px;line-height: 14px;font-family: Montserrat, sans-serif !important\"><strong>\u0648\u064a\u062c\u0639\u0644<\/strong><\/span><\/span><span class=\"left_line teksatir\" style=\"margin: 0px;padding: 0px;font-size: 14px;line-height: 14px;font-family: Montserrat, sans-serif !important\"><span style=\"margin: 0px;padding: 0px;font-size: 14px;line-height: 14px;font-family: Montserrat, sans-serif !important\"><strong> <\/strong><\/span><\/span><span class=\"left_line teksatir\" style=\"margin: 0px;padding: 0px;font-size: 14px;line-height: 14px;font-family: Montserrat, sans-serif !important\"><span style=\"margin: 0px;padding: 0px;font-size: 14px;line-height: 14px;font-family: Montserrat, sans-serif !important\"><strong>\u0645\u0646<\/strong><\/span><\/span><span class=\"left_line teksatir\" style=\"margin: 0px;padding: 0px;font-size: 14px;line-height: 14px;font-family: Montserrat, sans-serif !important\"><span style=\"margin: 0px;padding: 0px;font-size: 14px;line-height: 14px;font-family: Montserrat, sans-serif !important\"><strong> <\/strong><\/span><\/span><span class=\"left_line teksatir\" style=\"margin: 0px;padding: 0px;font-size: 14px;line-height: 14px;font-family: Montserrat, sans-serif !important\"><span style=\"margin: 0px;padding: 0px;font-size: 14px;line-height: 14px;font-family: Montserrat, sans-serif !important\"><strong>\u0627\u0644\u0633\u0647\u0644<\/strong><\/span><\/span><span class=\"left_line teksatir\" style=\"margin: 0px;padding: 0px;font-size: 14px;line-height: 14px;font-family: Montserrat, sans-serif !important\"><span style=\"margin: 0px;padding: 0px;font-size: 14px;line-height: 14px;font-family: Montserrat, sans-serif !important\"><strong> <\/strong><\/span><\/span><span class=\"left_line teksatir\" style=\"margin: 0px;padding: 0px;font-size: 14px;line-height: 14px;font-family: Montserrat, sans-serif !important\"><span style=\"margin: 0px;padding: 0px;font-size: 14px;line-height: 14px;font-family: Montserrat, sans-serif !important\"><strong>\u062a\u0645\u0634\u064a\u0637\u0647<\/strong><\/span><\/span><span class=\"left_line teksatir\" style=\"margin: 0px;padding: 0px;font-size: 14px;line-height: 14px;font-family: Montserrat, sans-serif !important\"><span style=\"margin: 0px;padding: 0px;font-size: 14px;line-height: 14px;font-family: Montserrat, sans-serif !important\"><strong> <\/strong><\/span><\/span><span class=\"left_line teksatir\" style=\"margin: 0px;padding: 0px;font-size: 14px;line-height: 14px;font-family: Montserrat, sans-serif !important\"><span style=\"margin: 0px;padding: 0px;font-size: 14px;line-height: 14px;font-family: Montserrat, sans-serif !important\"><strong>\u0648\u0623\u062e\u0630<\/strong><\/span><\/span><span class=\"left_line teksatir\" style=\"margin: 0px;padding: 0px;font-size: 14px;line-height: 14px;font-family: Montserrat, sans-serif !important\"><span style=\"margin: 0px;padding: 0px;font-size: 14px;line-height: 14px;font-family: Montserrat, sans-serif !important\"><strong> <\/strong><\/span><\/span><span class=\"left_line teksatir\" style=\"margin: 0px;padding: 0px;font-size: 14px;line-height: 14px;font-family: Montserrat, sans-serif !important\"><span style=\"margin: 0px;padding: 0px;font-size: 14px;line-height: 14px;font-family: Montserrat, sans-serif !important\"><strong>\u0634\u0643\u0644\u0647\u060c<\/strong><\/span><\/span><span class=\"left_line teksatir\" style=\"margin: 0px;padding: 0px;font-size: 14px;line-height: 14px;font-family: Montserrat, sans-serif !important\"><span style=\"margin: 0px;padding: 0px;font-size: 14px;line-height: 14px;font-family: Montserrat, sans-serif !important\"><strong> <\/strong><\/span><\/span><span class=\"left_line teksatir\" style=\"margin: 0px;padding: 0px;font-size: 14px;line-height: 14px;font-family: Montserrat, sans-serif !important\"><span style=\"margin: 0px;padding: 0px;font-size: 14px;line-height: 14px;font-family: Montserrat, sans-serif !important\"><strong>\u0645\u0639<\/strong><\/span><\/span><span class=\"left_line teksatir\" style=\"margin: 0px;padding: 0px;font-size: 14px;line-height: 14px;font-family: Montserrat, sans-serif !important\"><span style=\"margin: 0px;padding: 0px;font-size: 14px;line-height: 14px;font-family: Montserrat, sans-serif !important\"><strong> <\/strong><\/span><\/span><span class=\"left_line teksatir\" style=\"margin: 0px;padding: 0px;font-size: 14px;line-height: 14px;font-family: Montserrat, sans-serif !important\"><span style=\"margin: 0px;padding: 0px;font-size: 14px;line-height: 14px;font-family: Montserrat, sans-serif !important\"><strong>\u0625\u0635\u0644\u0627\u062d<\/strong><\/span><\/span><span class=\"left_line teksatir\" style=\"margin: 0px;padding: 0px;font-size: 14px;line-height: 14px;font-family: Montserrat, sans-serif !important\"><span style=\"margin: 0px;padding: 0px;font-size: 14px;line-height: 14px;font-family: Montserrat, sans-serif !important\"><strong> <\/strong><\/span><\/span><span class=\"left_line teksatir\" style=\"margin: 0px;padding: 0px;font-size: 14px;line-height: 14px;font-family: Montserrat, sans-serif !important\"><span style=\"margin: 0px;padding: 0px;font-size: 14px;line-height: 14px;font-family: Montserrat, sans-serif !important\"><strong>\u0627\u0644\u0641\u0648\u0627\u0635\u0644<\/strong><\/span><\/span><span class=\"left_line teksatir\" style=\"margin: 0px;padding: 0px;font-size: 14px;line-height: 14px;font-family: Montserrat, sans-serif !important\"><span style=\"margin: 0px;padding: 0px;font-size: 14px;line-height: 14px;font-family: Montserrat, sans-serif !important\"><strong> <\/strong><\/span><\/span><span class=\"left_line teksatir\" style=\"margin: 0px;padding: 0px;font-size: 14px;line-height: 14px;font-family: Montserrat, sans-serif !important\"><span style=\"margin: 0px;padding: 0px;font-size: 14px;line-height: 14px;font-family: Montserrat, sans-serif !important\"><strong>\u0648\u0625\u0639\u0637\u0627\u0626\u0647<\/strong><\/span><\/span><span class=\"left_line teksatir\" style=\"margin: 0px;padding: 0px;font-size: 14px;line-height: 14px;font-family: Montserrat, sans-serif !important\"><span style=\"margin: 0px;padding: 0px;font-size: 14px;line-height: 14px;font-family: Montserrat, sans-serif !important\"><strong> <\/strong><\/span><\/span><span class=\"left_line teksatir\" style=\"margin: 0px;padding: 0px;font-size: 14px;line-height: 14px;font-family: Montserrat, sans-serif !important\"><span style=\"margin: 0px;padding: 0px;font-size: 14px;line-height: 14px;font-family: Montserrat, sans-serif !important\"><strong>\u0645\u0638\u0647\u0631\u0627<\/strong><\/span><\/span><span class=\"left_line teksatir\" style=\"margin: 0px;padding: 0px;font-size: 14px;line-height: 14px;font-family: Montserrat, sans-serif !important\"><span style=\"margin: 0px;padding: 0px;font-size: 14px;line-height: 14px;font-family: Montserrat, sans-serif !important\"><strong> <\/strong><\/span><\/span><span class=\"left_line teksatir\" style=\"margin: 0px;padding: 0px;font-size: 14px;line-height: 14px;font-family: Montserrat, sans-serif !important\"><span style=\"margin: 0px;padding: 0px;font-size: 14px;line-height: 14px;font-family: Montserrat, sans-serif !important\"><strong>\u0635\u062d\u064a\u0627<\/strong><\/span><\/span><span class=\"left_line teksatir\" style=\"margin: 0px;padding: 0px;font-size: 14px;line-height: 14px;font-family: Montserrat, sans-serif !important\"><span style=\"margin: 0px;padding: 0px;font-size: 14px;line-height: 14px;font-family: Montserrat, sans-serif !important\"><strong> <\/strong><\/span><\/span><span class=\"left_line teksatir\" style=\"margin: 0px;padding: 0px;font-size: 14px;line-height: 14px;font-family: Montserrat, sans-serif !important\"><span style=\"margin: 0px;padding: 0px;font-size: 14px;line-height: 14px;font-family: Montserrat, sans-serif !important\"><strong>\u0648\u0644\u0627\u0645\u0639\u0627<\/strong><\/span><\/span><span class=\"left_line teksatir\" style=\"margin: 0px;padding: 0px;font-size: 14px;line-height: 14px;font-family: Montserrat, sans-serif !important\"><span style=\"margin: 0px;padding: 0px;font-size: 14px;line-height: 14px;font-family: Montserrat, sans-serif !important\"><strong>.<\/strong><\/span><\/span><\/h3>\n<\/div>\n<div class=\"PriceList\" style=\"margin: 15px 0px 5px;padding: 0px 0px 15px;float: left;position: relative;width: 385.15625px;border-bottom-width: 1px;border-bottom-style: solid\">\n<div id=\"pnlFiyatlar\" style=\"margin: 12px 0px 0px;padding: 0px;vertical-align: top;float: left;font-family: Montserrat, sans-serif;font-size: 12.8px;font-style: normal;font-weight: 400;letter-spacing: normal;text-align: start;text-indent: 0px;text-transform: none;text-decoration: none\">\n<div id=\"divFiyatAlanlari\" style=\"margin: 0px;padding: 0px\">\n<div class=\"urunDetayFiyatContainer\" style=\"margin: 0px;padding: 0px\"><strong><\/strong><\/div>\n<\/div>\n<\/div>\n<\/div>\n<p><strong><br \/>\n<\/strong><\/p>","protected":false},"excerpt":{"rendered":"<p>&nbsp; \u0645\u0639 \u0632\u064a\u062a 10 \u0646\u0628\u0627\u062a\u0627\u062a \u0641\u064a\u0647\u060c \u0641\u0625\u0646\u0647 \u064a\u0641\u062a\u062d \u0634\u0639\u0631\u0643\u060c \u0648\u064a\u062c\u0639\u0644 \u0645\u0646 \u0627\u0644\u0633\u0647\u0644 \u062a\u0645\u0634\u064a\u0637\u0647 \u0648\u0623\u062e\u0630 \u0634\u0643\u0644\u0647\u060c \u0645\u0639 \u0625\u0635\u0644\u0627\u062d \u0627\u0644\u0641\u0648\u0627\u0635\u0644 \u0648\u0625\u0639\u0637\u0627\u0626\u0647 \u0645\u0638\u0647\u0631\u0627 [&hellip;]<\/p>","protected":false},"featured_media":8995,"comment_status":"open","ping_status":"closed","template":"","meta":{"_uag_custom_page_level_css":"","site-sidebar-layout":"default","site-content-layout":"","ast-site-content-layout":"","site-content-style":"default","site-sidebar-style":"default","ast-global-header-display":"","ast-banner-title-visibility":"","ast-main-header-display":"","ast-hfb-above-header-display":"","ast-hfb-below-header-display":"","ast-hfb-mobile-header-display":"","site-post-title":"","ast-breadcrumbs-content":"","ast-featured-img":"","footer-sml-layout":"","theme-transparent-header-meta":"","adv-header-id-meta":"","stick-header-meta":"","header-above-stick-meta":"","header-main-stick-meta":"","header-below-stick-meta":"","astra-migrate-meta-layouts":"default","ast-page-background-enabled":"default","ast-page-background-meta":{"desktop":{"background-color":"var(--ast-global-color-4)","background-image":"","background-repeat":"repeat","background-position":"center center","background-size":"auto","background-attachment":"scroll","background-type":"","background-media":"","overlay-type":"","overlay-color":"","overlay-opacity":"","overlay-gradient":""},"tablet":{"background-color":"","background-image":"","background-repeat":"repeat","background-position":"center center","background-size":"auto","background-attachment":"scroll","background-type":"","background-media":"","overlay-type":"","overlay-color":"","overlay-opacity":"","overlay-gradient":""},"mobile":{"background-color":"","background-image":"","background-repeat":"repeat","background-position":"center center","background-size":"auto","background-attachment":"scroll","background-type":"","background-media":"","overlay-type":"","overlay-color":"","overlay-opacity":"","overlay-gradient":""}},"ast-content-background-meta":{"desktop":{"background-color":"var(--ast-global-color-5)","background-image":"","background-repeat":"repeat","background-position":"center center","background-size":"auto","background-attachment":"scroll","background-type":"","background-media":"","overlay-type":"","overlay-color":"","overlay-opacity":"","overlay-gradient":""},"tablet":{"background-color":"var(--ast-global-color-5)","background-image":"","background-repeat":"repeat","background-position":"center center","background-size":"auto","background-attachment":"scroll","background-type":"","background-media":"","overlay-type":"","overlay-color":"","overlay-opacity":"","overlay-gradient":""},"mobile":{"background-color":"var(--ast-global-color-5)","background-image":"","background-repeat":"repeat","background-position":"center center","background-size":"auto","background-attachment":"scroll","background-type":"","background-media":"","overlay-type":"","overlay-color":"","overlay-opacity":"","overlay-gradient":""}}},"product_brand":[],"product_cat":[357,122],"product_tag":[],"class_list":{"0":"post-8996","1":"product","2":"type-product","3":"status-publish","4":"has-post-thumbnail","6":"product_cat-otaci","7":"product_cat-cosmetics","8":"desktop-align-center","9":"tablet-align-center","10":"mobile-align-center","12":"first","13":"instock","14":"shipping-taxable","15":"purchasable","16":"product-type-simple"},"aioseo_notices":[],"uagb_featured_image_src":{"full":["https:\/\/vivauralb.com\/wp-content\/uploads\/2025\/03\/img_6987.jpeg",983,1053,false],"thumbnail":["https:\/\/vivauralb.com\/wp-content\/uploads\/2025\/03\/img_6987-150x150.jpeg",150,150,true],"medium":["https:\/\/vivauralb.com\/wp-content\/uploads\/2025\/03\/img_6987-280x300.jpeg",280,300,true],"medium_large":["https:\/\/vivauralb.com\/wp-content\/uploads\/2025\/03\/img_6987-768x823.jpeg",768,823,true],"large":["https:\/\/vivauralb.com\/wp-content\/uploads\/2025\/03\/img_6987-956x1024.jpeg",956,1024,true],"1536x1536":["https:\/\/vivauralb.com\/wp-content\/uploads\/2025\/03\/img_6987.jpeg",983,1053,false],"2048x2048":["https:\/\/vivauralb.com\/wp-content\/uploads\/2025\/03\/img_6987.jpeg",983,1053,false],"trp-custom-language-flag":["https:\/\/vivauralb.com\/wp-content\/uploads\/2025\/03\/img_6987-11x12.jpeg",11,12,true],"woocommerce_thumbnail":["https:\/\/vivauralb.com\/wp-content\/uploads\/2025\/03\/img_6987-300x300.jpeg",300,300,true],"woocommerce_single":["https:\/\/vivauralb.com\/wp-content\/uploads\/2025\/03\/img_6987-600x643.jpeg",600,643,true],"woocommerce_gallery_thumbnail":["https:\/\/vivauralb.com\/wp-content\/uploads\/2025\/03\/img_6987-100x100.jpeg",100,100,true],"dgwt-wcas-product-suggestion":["https:\/\/vivauralb.com\/wp-content\/uploads\/2025\/03\/img_6987-64x69.jpeg",64,69,true]},"uagb_author_info":{"display_name":"Abdelrahman Moussa","author_link":"https:\/\/vivauralb.com\/ar\/author\/"},"uagb_comment_info":0,"uagb_excerpt":"&nbsp; \u0645\u0639 \u0632\u064a\u062a 10 \u0646\u0628\u0627\u062a\u0627\u062a \u0641\u064a\u0647\u060c \u0641\u0625\u0646\u0647 \u064a\u0641\u062a\u062d \u0634\u0639\u0631\u0643\u060c \u0648\u064a\u062c\u0639\u0644 \u0645\u0646 \u0627\u0644\u0633\u0647\u0644 \u062a\u0645\u0634\u064a\u0637\u0647 \u0648\u0623\u062e\u0630 \u0634\u0643\u0644\u0647\u060c \u0645\u0639 \u0625\u0635\u0644\u0627\u062d \u0627\u0644\u0641\u0648\u0627\u0635\u0644 \u0648\u0625\u0639\u0637\u0627\u0626\u0647 \u0645\u0638\u0647\u0631\u0627 [&hellip;]","jetpack_sharing_enabled":true,"_links":{"self":[{"href":"https:\/\/vivauralb.com\/ar\/wp-json\/wp\/v2\/product\/8996","targetHints":{"allow":["GET"]}}],"collection":[{"href":"https:\/\/vivauralb.com\/ar\/wp-json\/wp\/v2\/product"}],"about":[{"href":"https:\/\/vivauralb.com\/ar\/wp-json\/wp\/v2\/types\/product"}],"replies":[{"embeddable":true,"href":"https:\/\/vivauralb.com\/ar\/wp-json\/wp\/v2\/comments?post=8996"}],"wp:featuredmedia":[{"embeddable":true,"href":"https:\/\/vivauralb.com\/ar\/wp-json\/wp\/v2\/media\/8995"}],"wp:attachment":[{"href":"https:\/\/vivauralb.com\/ar\/wp-json\/wp\/v2\/media?parent=8996"}],"wp:term":[{"taxonomy":"product_brand","embeddable":true,"href":"https:\/\/vivauralb.com\/ar\/wp-json\/wp\/v2\/product_brand?post=8996"},{"taxonomy":"product_cat","embeddable":true,"href":"https:\/\/vivauralb.com\/ar\/wp-json\/wp\/v2\/product_cat?post=8996"},{"taxonomy":"product_tag","embeddable":true,"href":"https:\/\/vivauralb.com\/ar\/wp-json\/wp\/v2\/product_tag?post=8996"}],"curies":[{"name":"wp","href":"https:\/\/api.w.org\/{rel}","templated":true}]}}