{"id":8835,"date":"2025-03-12T08:48:31","date_gmt":"2025-03-12T08:48:31","guid":{"rendered":"https:\/\/vivauralb.com\/product\/duoderm-yuz-gunes-kremi-spf50-100-ml\/"},"modified":"2025-07-05T10:22:19","modified_gmt":"2025-07-05T10:22:19","slug":"duoderm-yuz-gunes-kremi-spf50-100-ml","status":"publish","type":"product","link":"https:\/\/vivauralb.com\/ar\/product\/duoderm-yuz-gunes-kremi-spf50-100-ml\/","title":{"rendered":"Duoderm y\u00fcz g\u00fcne\u015f kremi SPF50 100 ml"},"content":{"rendered":"<p><span class=\"ml-auto\" style=\"margin-left: auto\"><strong><i class=\"ti-minus\" style=\"line-height: 1\"><a class=\"d-flex align-items-center product-accordion-title active\" id=\"tab-product-features\" data-toggle=\"accordion\" style=\"background-color: transparent;text-decoration: none;align-items: center;cursor: pointer;font-size: 14px;font-family: Inter, sans-serif;font-style: normal;font-weight: 400;letter-spacing: normal;text-align: start;text-indent: 0px;text-transform: none\" href=\"\"><\/a><\/i><\/strong><\/span><\/p>\n<div id=\"product-features\" class=\"accordion-body product-accordion-body show\" style=\"height: auto;padding: 10px 10px 0px;font-size: 12px;font-family: Inter, sans-serif;font-style: normal;font-weight: 400;letter-spacing: normal;text-align: start;text-indent: 0px;text-transform: none;text-decoration: none\">\n<p dir=\"ltr\" style=\"margin-top: 0px;margin-bottom: 10px\"><strong>\u064a\u062a\u0648\u0641\u0631 \u0648\u0627\u0642\u064a \u0627\u0644\u0634\u0645\u0633 Duaderm Natural Face Spf30 100 \u0645\u0644 \u0641\u064a \u0639\u0628\u0648\u0629 \u0623\u0646\u064a\u0642\u0629 \u0648\u0639\u0645\u0644\u064a\u0629. \u0639\u0628\u0648\u0629 \u0623\u0646\u0628\u0648\u0628 100 \u0645\u0644 \u0635\u062d\u064a\u0629 \u0648\u0633\u0647\u0644\u0629 \u0627\u0644\u0627\u0633\u062a\u062e\u062f\u0627\u0645. \u064a\u0633\u0645\u062d \u0627\u0644\u0623\u0646\u0628\u0648\u0628 \u0628\u062a\u0637\u0628\u064a\u0642 \u0627\u0644\u0645\u0646\u062a\u062c \u062f\u0648\u0646 \u0625\u0647\u062f\u0627\u0631 \u0623\u062b\u0646\u0627\u0621 \u0627\u0644\u0627\u0633\u062a\u062e\u062f\u0627\u0645. \u062a\u0639\u0644\u064a\u0645\u0627\u062a \u0627\u0644\u0627\u0633\u062a\u062e\u062f\u0627\u0645 \u0648\u0645\u0639\u0644\u0648\u0645\u0627\u062a \u0627\u0644\u0645\u0643\u0648\u0646\u0627\u062a \u0648\u0641\u0648\u0627\u0626\u062f \u0627\u0644\u0645\u0646\u062a\u062c \u0645\u0641\u0635\u0644\u0629 \u0639\u0644\u0649 \u0627\u0644\u0639\u0628\u0648\u0629. \u062a\u0633\u0645\u062d \u0647\u0630\u0647 \u0627\u0644\u0645\u0639\u0644\u0648\u0645\u0627\u062a \u0644\u0644\u0645\u0633\u062a\u062e\u062f\u0645\u064a\u0646 \u0628\u0627\u0633\u062a\u062e\u062f\u0627\u0645 \u0627\u0644\u0645\u0646\u062a\u062c \u0628\u0634\u0643\u0644 \u0635\u062d\u064a\u062d \u0648\u0641\u0639\u0627\u0644. \u0628\u0627\u0644\u0625\u0636\u0627\u0641\u0629 \u0625\u0644\u0649 \u0630\u0644\u0643\u060c \u064a\u062a\u0645 \u062a\u0642\u062f\u064a\u0645 \u0627\u0644\u0643\u0631\u064a\u0645 \u0628\u062d\u062c\u0645 \u0635\u063a\u064a\u0631 \u064a\u0645\u0643\u0646\u0643 \u062d\u0645\u0644\u0647 \u0628\u0633\u0647\u0648\u0644\u0629 \u0641\u064a \u0631\u0648\u062a\u064a\u0646 \u0627\u0644\u0639\u0646\u0627\u064a\u0629 \u0628\u0627\u0644\u0628\u0634\u0631\u0629. Duaderm Natural Face Sunscreen Spf30 100 \u0645\u0644 \u0647\u0648 \u0645\u0646\u062a\u062c \u0645\u062b\u0627\u0644\u064a \u0644\u062a\u0632\u0648\u064a\u062f \u0628\u0634\u0631\u062a\u0643 \u0628\u0627\u0644\u0639\u0646\u0627\u064a\u0629 \u0627\u0644\u062a\u064a \u062a\u0633\u062a\u062d\u0642\u0647\u0627 \u0648\u064a\u0633\u0627\u0639\u062f \u0628\u0634\u0631\u062a\u0643 \u0639\u0644\u0649 \u0623\u0646 \u062a\u0628\u062f\u0648 \u0623\u0643\u062b\u0631 \u0635\u062d\u0629 \u0648\u0625\u0634\u0631\u0627\u0642\u0627 \u0645\u0639 \u0627\u0644\u0627\u0633\u062a\u062e\u062f\u0627\u0645 \u0627\u0644\u0645\u0646\u062a\u0638\u0645<\/strong><\/p>\n<\/div>","protected":false},"excerpt":{"rendered":"<p>\u064a\u062a\u0648\u0641\u0631 \u0648\u0627\u0642\u064a \u0627\u0644\u0634\u0645\u0633 Duaderm Natural Face Spf30 100 \u0645\u0644 \u0641\u064a \u0639\u0628\u0648\u0629 \u0623\u0646\u064a\u0642\u0629 \u0648\u0639\u0645\u0644\u064a\u0629. \u0639\u0628\u0648\u0629 \u0623\u0646\u0628\u0648\u0628 100 \u0645\u0644 \u0635\u062d\u064a\u0629 \u0648\u0633\u0647\u0644\u0629 \u0627\u0644\u0627\u0633\u062a\u062e\u062f\u0627\u0645. [&hellip;]<\/p>","protected":false},"featured_media":8834,"comment_status":"open","ping_status":"closed","template":"","meta":{"_uag_custom_page_level_css":"","site-sidebar-layout":"default","site-content-layout":"","ast-site-content-layout":"","site-content-style":"default","site-sidebar-style":"default","ast-global-header-display":"","ast-banner-title-visibility":"","ast-main-header-display":"","ast-hfb-above-header-display":"","ast-hfb-below-header-display":"","ast-hfb-mobile-header-display":"","site-post-title":"","ast-breadcrumbs-content":"","ast-featured-img":"","footer-sml-layout":"","theme-transparent-header-meta":"","adv-header-id-meta":"","stick-header-meta":"","header-above-stick-meta":"","header-main-stick-meta":"","header-below-stick-meta":"","astra-migrate-meta-layouts":"default","ast-page-background-enabled":"default","ast-page-background-meta":{"desktop":{"background-color":"var(--ast-global-color-4)","background-image":"","background-repeat":"repeat","background-position":"center center","background-size":"auto","background-attachment":"scroll","background-type":"","background-media":"","overlay-type":"","overlay-color":"","overlay-opacity":"","overlay-gradient":""},"tablet":{"background-color":"","background-image":"","background-repeat":"repeat","background-position":"center center","background-size":"auto","background-attachment":"scroll","background-type":"","background-media":"","overlay-type":"","overlay-color":"","overlay-opacity":"","overlay-gradient":""},"mobile":{"background-color":"","background-image":"","background-repeat":"repeat","background-position":"center center","background-size":"auto","background-attachment":"scroll","background-type":"","background-media":"","overlay-type":"","overlay-color":"","overlay-opacity":"","overlay-gradient":""}},"ast-content-background-meta":{"desktop":{"background-color":"var(--ast-global-color-5)","background-image":"","background-repeat":"repeat","background-position":"center center","background-size":"auto","background-attachment":"scroll","background-type":"","background-media":"","overlay-type":"","overlay-color":"","overlay-opacity":"","overlay-gradient":""},"tablet":{"background-color":"var(--ast-global-color-5)","background-image":"","background-repeat":"repeat","background-position":"center center","background-size":"auto","background-attachment":"scroll","background-type":"","background-media":"","overlay-type":"","overlay-color":"","overlay-opacity":"","overlay-gradient":""},"mobile":{"background-color":"var(--ast-global-color-5)","background-image":"","background-repeat":"repeat","background-position":"center center","background-size":"auto","background-attachment":"scroll","background-type":"","background-media":"","overlay-type":"","overlay-color":"","overlay-opacity":"","overlay-gradient":""}}},"product_brand":[],"product_cat":[351,122],"product_tag":[],"class_list":{"0":"post-8835","1":"product","2":"type-product","3":"status-publish","4":"has-post-thumbnail","6":"product_cat-duoderm","7":"product_cat-cosmetics","8":"desktop-align-center","9":"tablet-align-center","10":"mobile-align-center","12":"first","13":"instock","14":"shipping-taxable","15":"purchasable","16":"product-type-simple"},"aioseo_notices":[],"uagb_featured_image_src":{"full":["https:\/\/vivauralb.com\/wp-content\/uploads\/2025\/03\/img_6130.jpeg",600,900,false],"thumbnail":["https:\/\/vivauralb.com\/wp-content\/uploads\/2025\/03\/img_6130-150x150.jpeg",150,150,true],"medium":["https:\/\/vivauralb.com\/wp-content\/uploads\/2025\/03\/img_6130-200x300.jpeg",200,300,true],"medium_large":["https:\/\/vivauralb.com\/wp-content\/uploads\/2025\/03\/img_6130.jpeg",600,900,false],"large":["https:\/\/vivauralb.com\/wp-content\/uploads\/2025\/03\/img_6130.jpeg",600,900,false],"1536x1536":["https:\/\/vivauralb.com\/wp-content\/uploads\/2025\/03\/img_6130.jpeg",600,900,false],"2048x2048":["https:\/\/vivauralb.com\/wp-content\/uploads\/2025\/03\/img_6130.jpeg",600,900,false],"trp-custom-language-flag":["https:\/\/vivauralb.com\/wp-content\/uploads\/2025\/03\/img_6130-8x12.jpeg",8,12,true],"woocommerce_thumbnail":["https:\/\/vivauralb.com\/wp-content\/uploads\/2025\/03\/img_6130-300x300.jpeg",300,300,true],"woocommerce_single":["https:\/\/vivauralb.com\/wp-content\/uploads\/2025\/03\/img_6130.jpeg",600,900,false],"woocommerce_gallery_thumbnail":["https:\/\/vivauralb.com\/wp-content\/uploads\/2025\/03\/img_6130-100x100.jpeg",100,100,true],"dgwt-wcas-product-suggestion":["https:\/\/vivauralb.com\/wp-content\/uploads\/2025\/03\/img_6130-64x96.jpeg",64,96,true]},"uagb_author_info":{"display_name":"Abdelrahman Moussa","author_link":"https:\/\/vivauralb.com\/ar\/author\/"},"uagb_comment_info":0,"uagb_excerpt":"\u064a\u062a\u0648\u0641\u0631 \u0648\u0627\u0642\u064a \u0627\u0644\u0634\u0645\u0633 Duaderm Natural Face Spf30 100 \u0645\u0644 \u0641\u064a \u0639\u0628\u0648\u0629 \u0623\u0646\u064a\u0642\u0629 \u0648\u0639\u0645\u0644\u064a\u0629. \u0639\u0628\u0648\u0629 \u0623\u0646\u0628\u0648\u0628 100 \u0645\u0644 \u0635\u062d\u064a\u0629 \u0648\u0633\u0647\u0644\u0629 \u0627\u0644\u0627\u0633\u062a\u062e\u062f\u0627\u0645. [&hellip;]","jetpack_sharing_enabled":true,"_links":{"self":[{"href":"https:\/\/vivauralb.com\/ar\/wp-json\/wp\/v2\/product\/8835","targetHints":{"allow":["GET"]}}],"collection":[{"href":"https:\/\/vivauralb.com\/ar\/wp-json\/wp\/v2\/product"}],"about":[{"href":"https:\/\/vivauralb.com\/ar\/wp-json\/wp\/v2\/types\/product"}],"replies":[{"embeddable":true,"href":"https:\/\/vivauralb.com\/ar\/wp-json\/wp\/v2\/comments?post=8835"}],"wp:featuredmedia":[{"embeddable":true,"href":"https:\/\/vivauralb.com\/ar\/wp-json\/wp\/v2\/media\/8834"}],"wp:attachment":[{"href":"https:\/\/vivauralb.com\/ar\/wp-json\/wp\/v2\/media?parent=8835"}],"wp:term":[{"taxonomy":"product_brand","embeddable":true,"href":"https:\/\/vivauralb.com\/ar\/wp-json\/wp\/v2\/product_brand?post=8835"},{"taxonomy":"product_cat","embeddable":true,"href":"https:\/\/vivauralb.com\/ar\/wp-json\/wp\/v2\/product_cat?post=8835"},{"taxonomy":"product_tag","embeddable":true,"href":"https:\/\/vivauralb.com\/ar\/wp-json\/wp\/v2\/product_tag?post=8835"}],"curies":[{"name":"wp","href":"https:\/\/api.w.org\/{rel}","templated":true}]}}