{"id":8766,"date":"2025-03-11T08:11:42","date_gmt":"2025-03-11T08:11:42","guid":{"rendered":"https:\/\/vivauralb.com\/product\/vichy-liftactiv-supreme-h-a-epidermic-filler-karisiklik-karsiti-yuz-ve-goz-cevresi-serum-30-ml\/"},"modified":"2025-07-09T12:45:01","modified_gmt":"2025-07-09T12:45:01","slug":"vichy-liftactiv-supreme-h-a-epidermic-filler-karisiklik-karsiti-yuz-ve-goz-cevresi-serum-30-ml","status":"publish","type":"product","link":"https:\/\/vivauralb.com\/ar\/product\/vichy-liftactiv-supreme-h-a-epidermic-filler-karisiklik-karsiti-yuz-ve-goz-cevresi-serum-30-ml\/","title":{"rendered":"Vichy lift ha epider filler f30ml en\/f\/nl"},"content":{"rendered":"<p>Vichy Liftactiv Supreme H.A. Epidermic Filler Kar\u0131\u015f\u0131kl\u0131k Kar\u015f\u0131t\u0131 Y\u00fcz ve G\u00f6z \u00c7evresi Serum (30 ml) \u0647\u0648 \u0633\u064a\u0631\u0648\u0645 \u0645\u062a\u0642\u062f\u0645 \u0645\u0635\u0645\u0645 \u0644\u0645\u0643\u0627\u0641\u062d\u0629 \u0639\u0644\u0627\u0645\u0627\u062a \u0627\u0644\u0634\u064a\u062e\u0648\u062e\u0629 \u0645\u062b\u0644 \u0627\u0644\u062a\u062c\u0627\u0639\u064a\u062f \u0648\u0627\u0644\u062e\u0637\u0648\u0637 \u0627\u0644\u062f\u0642\u064a\u0642\u0629 \u0639\u0644\u0649 \u0627\u0644\u0648\u062c\u0647 \u0648\u0645\u0646\u0637\u0642\u0629 \u0627\u0644\u0639\u064a\u0646. \u064a\u062a\u0645\u064a\u0632 \u0628\u062a\u0631\u0643\u064a\u0628\u0629 \u063a\u0646\u064a\u0629 \u0628\u0627\u0644\u0645\u0643\u0648\u0646\u0627\u062a \u0627\u0644\u0641\u0639\u0627\u0644\u0629 \u0627\u0644\u062a\u064a \u062a\u0639\u0645\u0644 \u0639\u0644\u0649 \u062a\u062d\u0633\u064a\u0646 \u0645\u0631\u0648\u0646\u0629 \u0627\u0644\u0628\u0634\u0631\u0629 \u0648\u0632\u064a\u0627\u062f\u0629 \u0643\u062b\u0627\u0641\u0629 \u0627\u0644\u062c\u0644\u062f.<\/p>\n<p>\u0627\u0644\u0645\u0643\u0648\u0646\u0627\u062a \u0627\u0644\u0631\u0626\u064a\u0633\u064a\u0629:<\/p>\n<p>\u062d\u0645\u0636 \u0627\u0644\u0647\u064a\u0627\u0644\u0648\u0631\u0648\u0646\u064a\u0643: \u064a\u0633\u0627\u0639\u062f \u0641\u064a \u062a\u0631\u0637\u064a\u0628 \u0627\u0644\u0628\u0634\u0631\u0629 \u0628\u0634\u0643\u0644 \u0645\u0643\u062b\u0641 \u0648\u064a\u0639\u0645\u0644 \u0639\u0644\u0649 \u0645\u0644\u0621 \u0627\u0644\u062e\u0637\u0648\u0637 \u0627\u0644\u062f\u0642\u064a\u0642\u0629 \u0648\u0627\u0644\u062a\u062c\u0627\u0639\u064a\u062f\u060c \u0645\u0645\u0627 \u064a\u0639\u0632\u0632 \u0645\u0631\u0648\u0646\u0629 \u0627\u0644\u0628\u0634\u0631\u0629.<\/p>\n<p>Vichy Volcanic Water: \u064a\u0639\u0632\u0632 \u0645\u0646 \u0642\u062f\u0631\u0629 \u0627\u0644\u0628\u0634\u0631\u0629 \u0639\u0644\u0649 \u0645\u0642\u0627\u0648\u0645\u0629 \u0627\u0644\u0639\u0648\u0627\u0645\u0644 \u0627\u0644\u0628\u064a\u0626\u064a\u0629 \u0627\u0644\u0636\u0627\u0631\u0629 \u0648\u064a\u0639\u0645\u0644 \u0639\u0644\u0649 \u062a\u062c\u062f\u064a\u062f \u0627\u0644\u0628\u0634\u0631\u0629.<\/p>\n<p>\u0628\u0628\u062a\u064a\u062f\u0627\u062a: \u062a\u0633\u0627\u0647\u0645 \u0641\u064a \u062a\u0642\u0648\u064a\u0629 \u0627\u0644\u0628\u0634\u0631\u0629 \u0648\u062a\u062d\u0641\u064a\u0632 \u0625\u0646\u062a\u0627\u062c \u0627\u0644\u0643\u0648\u0644\u0627\u062c\u064a\u0646.<\/p>\n<p>\u0627\u0644\u062c\u0644\u064a\u0633\u0631\u064a\u0646: \u064a\u0633\u0627\u0647\u0645 \u0641\u064a \u0627\u0644\u062d\u0641\u0627\u0638 \u0639\u0644\u0649 \u062a\u0631\u0637\u064a\u0628 \u0627\u0644\u0628\u0634\u0631\u0629 \u0644\u0641\u062a\u0631\u0629 \u0623\u0637\u0648\u0644.<\/p>\n<p>\u0641\u0648\u0627\u0626\u062f \u0627\u0644\u0645\u0646\u062a\u062c:<\/p>\n<p>1. \u0645\u0643\u0627\u0641\u062d\u0629 \u0627\u0644\u062a\u062c\u0627\u0639\u064a\u062f \u0648\u0627\u0644\u062e\u0637\u0648\u0637 \u0627\u0644\u062f\u0642\u064a\u0642\u0629: \u064a\u0639\u0645\u0644 \u0639\u0644\u0649 \u062a\u0642\u0644\u064a\u0644 \u0645\u0638\u0647\u0631 \u0627\u0644\u062a\u062c\u0627\u0639\u064a\u062f \u0648\u0627\u0644\u062e\u0637\u0648\u0637 \u0627\u0644\u062f\u0642\u064a\u0642\u0629 \u0628\u0641\u0636\u0644 \u062d\u0645\u0636 \u0627\u0644\u0647\u064a\u0627\u0644\u0648\u0631\u0648\u0646\u064a\u0643 \u0627\u0644\u0630\u064a \u064a\u0639\u0645\u0644 \u0639\u0644\u0649 \u062a\u0631\u0637\u064a\u0628 \u0627\u0644\u0628\u0634\u0631\u0629 \u0648\u0645\u0644\u0621 \u0627\u0644\u062a\u062c\u0627\u0639\u064a\u062f.<\/p>\n<p>2. \u062a\u062d\u0633\u064a\u0646 \u0645\u0631\u0648\u0646\u0629 \u0627\u0644\u0628\u0634\u0631\u0629: \u064a\u0633\u0627\u0639\u062f \u0641\u064a \u062a\u0639\u0632\u064a\u0632 \u0645\u0631\u0648\u0646\u0629 \u0627\u0644\u0628\u0634\u0631\u0629 \u0645\u0646 \u062e\u0644\u0627\u0644 \u062a\u062d\u0633\u064a\u0646 \u0627\u0644\u062a\u062c\u062f\u064a\u062f \u0627\u0644\u062e\u0644\u0648\u064a \u0648\u062a\u0639\u0632\u064a\u0632 \u0625\u0646\u062a\u0627\u062c \u0627\u0644\u0643\u0648\u0644\u0627\u062c\u064a\u0646.<\/p>\n<p>3. \u062a\u0631\u0637\u064a\u0628 \u0645\u0643\u062b\u0641: \u064a\u0648\u0641\u0631 \u062a\u0631\u0637\u064a\u0628\u064b\u0627 \u0639\u0645\u064a\u0642\u064b\u0627 \u0644\u0644\u0628\u0634\u0631\u0629 \u0648\u064a\u0633\u0627\u0639\u062f \u0641\u064a \u062a\u0639\u0632\u064a\u0632 \u0646\u0636\u0627\u0631\u062a\u0647\u0627 \u0648\u0646\u0639\u0648\u0645\u062a\u0647\u0627.<\/p>\n<p>4. \u062a\u0642\u0644\u064a\u0644 \u0639\u0644\u0627\u0645\u0627\u062a \u0627\u0644\u062a\u0639\u0628: \u064a\u0639\u0645\u0644 \u0639\u0644\u0649 \u062a\u062d\u0633\u064a\u0646 \u0645\u0638\u0647\u0631 \u0627\u0644\u0628\u0634\u0631\u0629 \u0627\u0644\u0645\u062a\u0639\u0628\u0629 \u0648\u064a\u0645\u0646\u062d\u0647\u0627 \u0645\u0638\u0647\u0631\u064b\u0627 \u0645\u0634\u0631\u0642\u064b\u0627 \u0648\u0635\u062d\u064a\u064b\u0627.<\/p>\n<p>5. \u0645\u0646\u0627\u0633\u0628 \u0644\u0645\u0646\u0637\u0642\u0629 \u0627\u0644\u0639\u064a\u0646: \u064a\u0645\u0643\u0646 \u0627\u0633\u062a\u062e\u062f\u0627\u0645\u0647 \u0641\u064a \u0645\u0646\u0637\u0642\u0629 \u0627\u0644\u0639\u064a\u0646 \u0644\u0644\u062a\u0642\u0644\u064a\u0644 \u0645\u0646 \u0627\u0644\u0627\u0646\u062a\u0641\u0627\u062e\u0627\u062a \u0648\u0627\u0644\u062a\u062c\u0627\u0639\u064a\u062f \u062d\u0648\u0644 \u0627\u0644\u0639\u064a\u0646.<\/p>\n<p>\u0643\u064a\u0641\u064a\u0629 \u0627\u0644\u0627\u0633\u062a\u062e\u062f\u0627\u0645:<\/p>\n<p>1. \u0627\u0644\u0648\u0642\u062a \u0627\u0644\u0645\u062b\u0627\u0644\u064a: \u064a\u064f\u0641\u0636\u0644 \u0627\u0633\u062a\u062e\u062f\u0627\u0645\u0647 \u0635\u0628\u0627\u062d\u064b\u0627 \u0648\u0645\u0633\u0627\u0621\u064b \u0628\u0639\u062f \u062a\u0646\u0638\u064a\u0641 \u0627\u0644\u0628\u0634\u0631\u0629.<\/p>\n<p>2. \u0637\u0631\u064a\u0642\u0629 \u0627\u0644\u062a\u0637\u0628\u064a\u0642:<\/p>\n<p>\u0636\u0639\u064a \u0628\u0636\u0639 \u0642\u0637\u0631\u0627\u062a \u0645\u0646 \u0627\u0644\u0633\u064a\u0631\u0648\u0645 \u0639\u0644\u0649 \u0648\u062c\u0647\u0643 \u0648\u0627\u0644\u0639\u0646\u0642.<\/p>\n<p>\u062f\u0644\u0643\u064a \u0628\u0644\u0637\u0641 \u0628\u062d\u0631\u0643\u0627\u062a \u062f\u0627\u0626\u0631\u064a\u0629 \u062d\u062a\u0649 \u064a\u0645\u062a\u0635\u0647 \u0627\u0644\u062c\u0644\u062f \u062a\u0645\u0627\u0645\u064b\u0627.<\/p>\n<p>\u064a\u0645\u0643\u0646 \u0648\u0636\u0639\u0647 \u0623\u064a\u0636\u064b\u0627 \u062d\u0648\u0644 \u0645\u0646\u0637\u0642\u0629 \u0627\u0644\u0639\u064a\u0646 \u0628\u0631\u0641\u0642 \u0644\u062a\u0642\u0644\u064a\u0644 \u0627\u0644\u062a\u062c\u0627\u0639\u064a\u062f \u0648\u0627\u0644\u0627\u0646\u062a\u0641\u0627\u062e\u0627\u062a.<\/p>\n<p>3. \u0627\u0633\u062a\u062e\u062f\u0627\u0645 \u0625\u0636\u0627\u0641\u064a: \u064a\u0645\u0643\u0646\u0643 \u0627\u0633\u062a\u062e\u062f\u0627\u0645\u0647 \u0643\u062c\u0632\u0621 \u0645\u0646 \u0631\u0648\u062a\u064a\u0646\u0643 \u0627\u0644\u064a\u0648\u0645\u064a \u0645\u0639 \u0643\u0631\u064a\u0645 \u0645\u0631\u0637\u0628 \u0628\u0639\u062f \u062a\u0637\u0628\u064a\u0642\u0647 \u0644\u062a\u062d\u0635\u0644 \u0639\u0644\u0649 \u0623\u0641\u0636\u0644 \u0627\u0644\u0646\u062a\u0627\u0626\u062c.<\/p>\n<p>\u0644\u0645\u0646 \u064a\u0633\u062a\u062e\u062f\u0645:<\/p>\n<p>\u0645\u0646\u0627\u0633\u0628 \u0644\u0644\u0646\u0633\u0627\u0621 \u0627\u0644\u0644\u0648\u0627\u062a\u064a \u064a\u0639\u0627\u0646\u064a\u0646 \u0645\u0646 \u0639\u0644\u0627\u0645\u0627\u062a \u0627\u0644\u0634\u064a\u062e\u0648\u062e\u0629 \u0645\u062b\u0644 \u0627\u0644\u062a\u062c\u0627\u0639\u064a\u062f \u0648\u0627\u0644\u062e\u0637\u0648\u0637 \u0627\u0644\u062f\u0642\u064a\u0642\u0629 \u062d\u0648\u0644 \u0627\u0644\u0639\u064a\u0646\u064a\u0646 \u0623\u0648 \u0627\u0644\u0648\u062c\u0647.<\/p>\n<p>\u0645\u0641\u064a\u062f \u0644\u0644\u0628\u0634\u0631\u0629 \u0627\u0644\u062a\u064a \u062a\u062d\u062a\u0627\u062c \u0625\u0644\u0649 \u062a\u0631\u0637\u064a\u0628 \u0639\u0645\u064a\u0642 \u0648\u062a\u062d\u0633\u064a\u0646 \u0645\u0631\u0648\u0646\u062a\u0647\u0627.<\/p>\n<p>\u0645\u0646\u0627\u0633\u0628 \u0644\u062c\u0645\u064a\u0639 \u0623\u0646\u0648\u0627\u0639 \u0627\u0644\u0628\u0634\u0631\u0629\u060c \u0628\u0645\u0627 \u0641\u064a \u0630\u0644\u0643 \u0627\u0644\u0628\u0634\u0631\u0629 \u0627\u0644\u062d\u0633\u0627\u0633\u0629 \u062d\u0648\u0644 \u0645\u0646\u0637\u0642\u0629 \u0627\u0644\u0639\u064a\u0646.<\/p>\n<p>Vichy Liftactiv Supreme H.A. Epidermic Filler \u0647\u0648 \u062e\u064a\u0627\u0631 \u0645\u0645\u062a\u0627\u0632 \u0644\u0644\u0623\u0634\u062e\u0627\u0635 \u0627\u0644\u0630\u064a\u0646 \u064a\u0628\u062d\u062b\u0648\u0646 \u0639\u0646 \u0639\u0644\u0627\u062c \u0634\u0627\u0645\u0644 \u0644\u0645\u0643\u0627\u0641\u062d\u0629 \u0627\u0644\u0634\u064a\u062e\u0648\u062e\u0629\u060c \u0645\u0639 \u062a\u0631\u0643\u064a\u0628\u0629 \u0645\u062a\u0648\u0627\u0632\u0646\u0629 \u062a\u0639\u0645\u0644 \u0639\u0644\u0649 \u062a\u062d\u0633\u064a\u0646 \u0635\u062d\u0629 \u0627\u0644\u0628\u0634\u0631\u0629 \u0648\u062a\u0631\u0637\u064a\u0628\u0647\u0627 \u0628\u0639\u0645\u0642.<\/p>","protected":false},"excerpt":{"rendered":"<p>Vichy Liftactiv Supreme H.A. Epidermic Filler Kar\u0131\u015f\u0131kl\u0131k Kar\u015f\u0131t\u0131 Y\u00fcz ve G\u00f6z \u00c7evresi Serum (30 ml) \u0647\u0648 \u0633\u064a\u0631\u0648\u0645 \u0645\u062a\u0642\u062f\u0645 \u0645\u0635\u0645\u0645 \u0644\u0645\u0643\u0627\u0641\u062d\u0629 [&hellip;]<\/p>","protected":false},"featured_media":8765,"comment_status":"open","ping_status":"closed","template":"","meta":{"_uag_custom_page_level_css":"","site-sidebar-layout":"default","site-content-layout":"","ast-site-content-layout":"","site-content-style":"default","site-sidebar-style":"default","ast-global-header-display":"","ast-banner-title-visibility":"","ast-main-header-display":"","ast-hfb-above-header-display":"","ast-hfb-below-header-display":"","ast-hfb-mobile-header-display":"","site-post-title":"","ast-breadcrumbs-content":"","ast-featured-img":"","footer-sml-layout":"","theme-transparent-header-meta":"","adv-header-id-meta":"","stick-header-meta":"","header-above-stick-meta":"","header-main-stick-meta":"","header-below-stick-meta":"","astra-migrate-meta-layouts":"default","ast-page-background-enabled":"default","ast-page-background-meta":{"desktop":{"background-color":"var(--ast-global-color-4)","background-image":"","background-repeat":"repeat","background-position":"center center","background-size":"auto","background-attachment":"scroll","background-type":"","background-media":"","overlay-type":"","overlay-color":"","overlay-opacity":"","overlay-gradient":""},"tablet":{"background-color":"","background-image":"","background-repeat":"repeat","background-position":"center center","background-size":"auto","background-attachment":"scroll","background-type":"","background-media":"","overlay-type":"","overlay-color":"","overlay-opacity":"","overlay-gradient":""},"mobile":{"background-color":"","background-image":"","background-repeat":"repeat","background-position":"center center","background-size":"auto","background-attachment":"scroll","background-type":"","background-media":"","overlay-type":"","overlay-color":"","overlay-opacity":"","overlay-gradient":""}},"ast-content-background-meta":{"desktop":{"background-color":"var(--ast-global-color-5)","background-image":"","background-repeat":"repeat","background-position":"center center","background-size":"auto","background-attachment":"scroll","background-type":"","background-media":"","overlay-type":"","overlay-color":"","overlay-opacity":"","overlay-gradient":""},"tablet":{"background-color":"var(--ast-global-color-5)","background-image":"","background-repeat":"repeat","background-position":"center center","background-size":"auto","background-attachment":"scroll","background-type":"","background-media":"","overlay-type":"","overlay-color":"","overlay-opacity":"","overlay-gradient":""},"mobile":{"background-color":"var(--ast-global-color-5)","background-image":"","background-repeat":"repeat","background-position":"center center","background-size":"auto","background-attachment":"scroll","background-type":"","background-media":"","overlay-type":"","overlay-color":"","overlay-opacity":"","overlay-gradient":""}}},"product_brand":[],"product_cat":[350,122],"product_tag":[],"class_list":{"0":"post-8766","1":"product","2":"type-product","3":"status-publish","4":"has-post-thumbnail","6":"product_cat-vichy","7":"product_cat-cosmetics","8":"desktop-align-center","9":"tablet-align-center","10":"mobile-align-center","12":"first","13":"instock","14":"shipping-taxable","15":"purchasable","16":"product-type-simple"},"aioseo_notices":[],"uagb_featured_image_src":{"full":["https:\/\/vivauralb.com\/wp-content\/uploads\/2025\/03\/img_6040.jpeg",828,828,false],"thumbnail":["https:\/\/vivauralb.com\/wp-content\/uploads\/2025\/03\/img_6040-150x150.jpeg",150,150,true],"medium":["https:\/\/vivauralb.com\/wp-content\/uploads\/2025\/03\/img_6040-300x300.jpeg",300,300,true],"medium_large":["https:\/\/vivauralb.com\/wp-content\/uploads\/2025\/03\/img_6040-768x768.jpeg",768,768,true],"large":["https:\/\/vivauralb.com\/wp-content\/uploads\/2025\/03\/img_6040.jpeg",828,828,false],"1536x1536":["https:\/\/vivauralb.com\/wp-content\/uploads\/2025\/03\/img_6040.jpeg",828,828,false],"2048x2048":["https:\/\/vivauralb.com\/wp-content\/uploads\/2025\/03\/img_6040.jpeg",828,828,false],"trp-custom-language-flag":["https:\/\/vivauralb.com\/wp-content\/uploads\/2025\/03\/img_6040-12x12.jpeg",12,12,true],"woocommerce_thumbnail":["https:\/\/vivauralb.com\/wp-content\/uploads\/2025\/03\/img_6040-300x300.jpeg",300,300,true],"woocommerce_single":["https:\/\/vivauralb.com\/wp-content\/uploads\/2025\/03\/img_6040-600x600.jpeg",600,600,true],"woocommerce_gallery_thumbnail":["https:\/\/vivauralb.com\/wp-content\/uploads\/2025\/03\/img_6040-100x100.jpeg",100,100,true],"dgwt-wcas-product-suggestion":["https:\/\/vivauralb.com\/wp-content\/uploads\/2025\/03\/img_6040-64x64.jpeg",64,64,true]},"uagb_author_info":{"display_name":"Abdelrahman Moussa","author_link":"https:\/\/vivauralb.com\/ar\/author\/"},"uagb_comment_info":0,"uagb_excerpt":"Vichy Liftactiv Supreme H.A. Epidermic Filler Kar\u0131\u015f\u0131kl\u0131k Kar\u015f\u0131t\u0131 Y\u00fcz ve G\u00f6z \u00c7evresi Serum (30 ml) \u0647\u0648 \u0633\u064a\u0631\u0648\u0645 \u0645\u062a\u0642\u062f\u0645 \u0645\u0635\u0645\u0645 \u0644\u0645\u0643\u0627\u0641\u062d\u0629 [&hellip;]","jetpack_sharing_enabled":true,"_links":{"self":[{"href":"https:\/\/vivauralb.com\/ar\/wp-json\/wp\/v2\/product\/8766","targetHints":{"allow":["GET"]}}],"collection":[{"href":"https:\/\/vivauralb.com\/ar\/wp-json\/wp\/v2\/product"}],"about":[{"href":"https:\/\/vivauralb.com\/ar\/wp-json\/wp\/v2\/types\/product"}],"replies":[{"embeddable":true,"href":"https:\/\/vivauralb.com\/ar\/wp-json\/wp\/v2\/comments?post=8766"}],"wp:featuredmedia":[{"embeddable":true,"href":"https:\/\/vivauralb.com\/ar\/wp-json\/wp\/v2\/media\/8765"}],"wp:attachment":[{"href":"https:\/\/vivauralb.com\/ar\/wp-json\/wp\/v2\/media?parent=8766"}],"wp:term":[{"taxonomy":"product_brand","embeddable":true,"href":"https:\/\/vivauralb.com\/ar\/wp-json\/wp\/v2\/product_brand?post=8766"},{"taxonomy":"product_cat","embeddable":true,"href":"https:\/\/vivauralb.com\/ar\/wp-json\/wp\/v2\/product_cat?post=8766"},{"taxonomy":"product_tag","embeddable":true,"href":"https:\/\/vivauralb.com\/ar\/wp-json\/wp\/v2\/product_tag?post=8766"}],"curies":[{"name":"wp","href":"https:\/\/api.w.org\/{rel}","templated":true}]}}