{"id":6195,"date":"2024-10-23T08:36:15","date_gmt":"2024-10-23T08:36:15","guid":{"rendered":"https:\/\/vivauralb.com\/product\/ocean-portakal-imunol-balli-cilek-150-ml-50-indirimli\/"},"modified":"2025-07-09T08:07:10","modified_gmt":"2025-07-09T08:07:10","slug":"ocean-portakal-imunol-balli-cilek-150-ml-50-indirimli","status":"publish","type":"product","link":"https:\/\/vivauralb.com\/ar\/product\/ocean-portakal-imunol-balli-cilek-150-ml-50-indirimli\/","title":{"rendered":"Ocean Portakal + Ocean \u0130munol with Honey &amp; Strawberry 150 ml \u2013 50% Discount"},"content":{"rendered":"<p>\u0647\u0630\u0627 \u0627\u0644\u0639\u0631\u0636 \u064a\u0634\u0645\u0644 \u0645\u0646\u062a\u062c\u064a\u0646 \u0633\u0627\u0626\u0644\u064a\u0646 \u0644\u0644\u0623\u0637\u0641\u0627\u0644:<\/p>\n<p>Ocean Portakal (\u0646\u0643\u0647\u0629 \u0627\u0644\u0628\u0631\u062a\u0642\u0627\u0644)<\/p>\n<p>Ocean \u0130munol Ball\u0131 \u00c7ilek (\u0628\u0637\u0639\u0645 \u0627\u0644\u0639\u0633\u0644 \u0648\u0627\u0644\u0641\u0631\u0627\u0648\u0644\u0629)<\/p>\n<p>\u0643\u0644\u0627\u0647\u0645\u0627 \u0645\u0643\u0645\u0644\u0627\u0646 \u063a\u0630\u0627\u0626\u064a\u0627\u0646 \u0644\u062a\u0639\u0632\u064a\u0632 \u0645\u0646\u0627\u0639\u0629 \u0627\u0644\u0623\u0637\u0641\u0627\u0644 \u0648\u062f\u0639\u0645 \u0635\u062d\u062a\u0647\u0645\u060c \u062e\u0635\u0648\u0635\u064b\u0627 \u062e\u0644\u0627\u0644 \u0645\u0648\u0627\u0633\u0645 \u0627\u0644\u0628\u0631\u062f \u0623\u0648 \u0641\u062a\u0631\u0627\u062a \u0627\u0644\u0636\u0639\u0641 \u0627\u0644\u0639\u0627\u0645.<\/p>\n<p>\u0645\u0643\u0648\u0646\u0627\u062a\u0647 \u0627\u0644\u0623\u0633\u0627\u0633\u064a\u0629:<\/p>\n<p>\u0641\u064a\u062a\u0627\u0645\u064a\u0646 C \u0648D3: \u064a\u0639\u0632\u0632\u0627\u0646 \u0645\u0646\u0627\u0639\u0629 \u0627\u0644\u062c\u0633\u0645 \u0648\u064a\u0642\u0648\u064a\u0627\u0646 \u0627\u0644\u0639\u0638\u0627\u0645.<\/p>\n<p>\u0632\u0646\u0643 (Zinc): \u064a\u062d\u0641\u0651\u0632 \u0639\u0645\u0644 \u062c\u0647\u0627\u0632 \u0627\u0644\u0645\u0646\u0627\u0639\u0629.<\/p>\n<p>\u0639\u0633\u0644 \u0637\u0628\u064a\u0639\u064a: \u0645\u0636\u0627\u062f \u0644\u0644\u0628\u0643\u062a\u064a\u0631\u064a\u0627 \u0648\u064a\u0633\u0627\u0639\u062f \u0641\u064a \u062a\u0647\u062f\u0626\u0629 \u0627\u0644\u062d\u0644\u0642.<\/p>\n<p>\u0645\u0633\u062a\u062e\u0644\u0635\u0627\u062a \u0637\u0628\u064a\u0639\u064a\u0629 (\u0645\u062b\u0644 \u0627\u0644\u0628\u0631\u0648\u0628\u0648\u0644\u064a\u0633 \u0623\u0648 \u0627\u0644\u0625\u0634\u0646\u064a\u0633\u064a\u0627 \u062d\u0633\u0628 \u0627\u0644\u0645\u0646\u062a\u062c): \u062a\u062f\u0639\u0645 \u0627\u0644\u062c\u0633\u0645 \u0641\u064a \u0645\u0642\u0627\u0648\u0645\u0629 \u0627\u0644\u0639\u062f\u0648\u0649.<\/p>\n<p>\u0646\u0643\u0647\u0627\u062a \u0637\u0628\u064a\u0639\u064a\u0629 (\u0628\u0631\u062a\u0642\u0627\u0644\u060c \u0641\u0631\u0627\u0648\u0644\u0629): \u0644\u062c\u0639\u0644 \u0627\u0644\u0637\u0639\u0645 \u0645\u062d\u0628\u0648\u0628\u064b\u0627 \u0644\u0644\u0623\u0637\u0641\u0627\u0644.<\/p>\n<p>\u0641\u0648\u0627\u0626\u062f\u0647:<\/p>\n<p>\u064a\u0642\u0648\u0651\u064a \u062c\u0647\u0627\u0632 \u0627\u0644\u0645\u0646\u0627\u0639\u0629 \u0644\u062f\u0649 \u0627\u0644\u0623\u0637\u0641\u0627\u0644.<\/p>\n<p>\u064a\u0633\u0627\u0639\u062f \u0641\u064a \u0627\u0644\u0648\u0642\u0627\u064a\u0629 \u0645\u0646 \u0646\u0632\u0644\u0627\u062a \u0627\u0644\u0628\u0631\u062f \u0648\u0627\u0644\u0627\u0646\u0641\u0644\u0648\u0646\u0632\u0627.<\/p>\n<p>\u064a\u0632\u0648\u0651\u062f \u0627\u0644\u0637\u0641\u0644 \u0628\u0627\u0644\u0641\u064a\u062a\u0627\u0645\u064a\u0646\u0627\u062a \u0648\u0627\u0644\u0645\u0639\u0627\u062f\u0646 \u0627\u0644\u0623\u0633\u0627\u0633\u064a\u0629 \u0644\u0644\u0646\u0645\u0648.<\/p>\n<p>\u0637\u0639\u0645\u0647 \u0644\u0630\u064a\u0630 \u0648\u0633\u0647\u0644 \u0627\u0644\u062a\u0646\u0627\u0648\u0644 \u064a\u0648\u0645\u064a\u064b\u0627.<\/p>\n<p>\u0637\u0631\u064a\u0642\u0629 \u0627\u0644\u0627\u0633\u062a\u062e\u062f\u0627\u0645:<\/p>\n<p>\u0627\u0644\u0623\u0637\u0641\u0627\u0644 \u0645\u0646 \u0639\u0645\u0631 4 \u0633\u0646\u0648\u0627\u062a \u0648\u0645\u0627 \u0641\u0648\u0642:<\/p>\n<p>\u062a\u064f\u0624\u062e\u0630 \u0645\u0644\u0639\u0642\u0629 \u0635\u063a\u064a\u0631\u0629 (5 \u0645\u0644) \u0645\u0631\u0629 \u0648\u0627\u062d\u062f\u0629 \u064a\u0648\u0645\u064a\u064b\u0627 \u0628\u0639\u062f \u0627\u0644\u0623\u0643\u0644.<\/p>\n<p>\u064a\u064f\u0631\u062c \u062c\u064a\u062f\u064b\u0627 \u0642\u0628\u0644 \u0627\u0644\u0627\u0633\u062a\u062e\u062f\u0627\u0645.<\/p>\n<p>\u064a\u0645\u0643\u0646 \u062a\u0646\u0627\u0648\u0644\u0647 \u0628\u0645\u0641\u0631\u062f\u0647 \u0623\u0648 \u0645\u0639 \u0627\u0644\u0639\u0635\u064a\u0631.<\/p>\n<p>\u0644\u0623\u064a \u0639\u0645\u0631\u061f<\/p>\n<p>\u0645\u0646\u0627\u0633\u0628 \u0644\u0644\u0623\u0637\u0641\u0627\u0644 \u0645\u0646 \u0639\u0645\u0631 4 \u0633\u0646\u0648\u0627\u062a \u0641\u0645\u0627 \u0641\u0648\u0642.<\/p>\n<p>\u062a\u0641\u0633\u064a\u0631 \u0627\u0644\u0639\u0631\u0636:<\/p>\n<p>&#8220;\u062e\u0635\u0645 50%&#8221; \u2013 \u0639\u0644\u0649 \u0643\u0644\u0627\u0647\u0645\u0627 \u064a\u064f\u0628\u0627\u0639\u0627\u0646 \u0628\u0646\u0635\u0641 \u0627\u0644\u0633\u0639\u0631 \u0636\u0645\u0646 \u0627\u0644\u0639\u0631\u0636.<\/p>\n<p>\u0625\u0630\u0627 \u0627\u0634\u062a\u0631\u064a\u062a \u0627\u0644\u0645\u062c\u0645\u0648\u0639\u0629 (\u0628\u0631\u062a\u0642\u0627\u0644 + \u0639\u0633\u0644 \u0641\u0631\u0627\u0648\u0644\u0629)\u060c  \u062a\u062f\u0641\u0639 \u0646\u0635\u0641 \u0627\u0644\u0633\u0639\u0631 \u0641\u0642\u0637 \u0639\u0644\u0649 \u0628\u062e\u0635\u0645 \u0639\u0627\u0645 50%.<\/p>","protected":false},"excerpt":{"rendered":"<p>\u0647\u0630\u0627 \u0627\u0644\u0639\u0631\u0636 \u064a\u0634\u0645\u0644 \u0645\u0646\u062a\u062c\u064a\u0646 \u0633\u0627\u0626\u0644\u064a\u0646 \u0644\u0644\u0623\u0637\u0641\u0627\u0644: Ocean Portakal (\u0646\u0643\u0647\u0629 \u0627\u0644\u0628\u0631\u062a\u0642\u0627\u0644) Ocean \u0130munol Ball\u0131 \u00c7ilek (\u0628\u0637\u0639\u0645 \u0627\u0644\u0639\u0633\u0644 \u0648\u0627\u0644\u0641\u0631\u0627\u0648\u0644\u0629) \u0643\u0644\u0627\u0647\u0645\u0627 \u0645\u0643\u0645\u0644\u0627\u0646 \u063a\u0630\u0627\u0626\u064a\u0627\u0646 [&hellip;]<\/p>","protected":false},"featured_media":6194,"comment_status":"open","ping_status":"closed","template":"","meta":{"_uag_custom_page_level_css":"","site-sidebar-layout":"default","site-content-layout":"","ast-site-content-layout":"","site-content-style":"default","site-sidebar-style":"default","ast-global-header-display":"","ast-banner-title-visibility":"","ast-main-header-display":"","ast-hfb-above-header-display":"","ast-hfb-below-header-display":"","ast-hfb-mobile-header-display":"","site-post-title":"","ast-breadcrumbs-content":"","ast-featured-img":"","footer-sml-layout":"","theme-transparent-header-meta":"","adv-header-id-meta":"","stick-header-meta":"","header-above-stick-meta":"","header-main-stick-meta":"","header-below-stick-meta":"","astra-migrate-meta-layouts":"default","ast-page-background-enabled":"default","ast-page-background-meta":{"desktop":{"background-color":"var(--ast-global-color-4)","background-image":"","background-repeat":"repeat","background-position":"center center","background-size":"auto","background-attachment":"scroll","background-type":"","background-media":"","overlay-type":"","overlay-color":"","overlay-opacity":"","overlay-gradient":""},"tablet":{"background-color":"","background-image":"","background-repeat":"repeat","background-position":"center center","background-size":"auto","background-attachment":"scroll","background-type":"","background-media":"","overlay-type":"","overlay-color":"","overlay-opacity":"","overlay-gradient":""},"mobile":{"background-color":"","background-image":"","background-repeat":"repeat","background-position":"center center","background-size":"auto","background-attachment":"scroll","background-type":"","background-media":"","overlay-type":"","overlay-color":"","overlay-opacity":"","overlay-gradient":""}},"ast-content-background-meta":{"desktop":{"background-color":"var(--ast-global-color-5)","background-image":"","background-repeat":"repeat","background-position":"center center","background-size":"auto","background-attachment":"scroll","background-type":"","background-media":"","overlay-type":"","overlay-color":"","overlay-opacity":"","overlay-gradient":""},"tablet":{"background-color":"var(--ast-global-color-5)","background-image":"","background-repeat":"repeat","background-position":"center center","background-size":"auto","background-attachment":"scroll","background-type":"","background-media":"","overlay-type":"","overlay-color":"","overlay-opacity":"","overlay-gradient":""},"mobile":{"background-color":"var(--ast-global-color-5)","background-image":"","background-repeat":"repeat","background-position":"center center","background-size":"auto","background-attachment":"scroll","background-type":"","background-media":"","overlay-type":"","overlay-color":"","overlay-opacity":"","overlay-gradient":""}}},"product_brand":[],"product_cat":[163,140,121],"product_tag":[],"class_list":{"0":"post-6195","1":"product","2":"type-product","3":"status-publish","4":"has-post-thumbnail","6":"product_cat-for-kids","7":"product_cat-orzax-ocean","8":"product_cat-vitamins","9":"desktop-align-center","10":"tablet-align-center","11":"mobile-align-center","13":"first","14":"instock","15":"sale","16":"shipping-taxable","17":"purchasable","18":"product-type-simple"},"aioseo_notices":[],"uagb_featured_image_src":{"full":["https:\/\/vivauralb.com\/wp-content\/uploads\/2024\/10\/img_3375.jpeg",603,819,false],"thumbnail":["https:\/\/vivauralb.com\/wp-content\/uploads\/2024\/10\/img_3375-150x150.jpeg",150,150,true],"medium":["https:\/\/vivauralb.com\/wp-content\/uploads\/2024\/10\/img_3375-221x300.jpeg",221,300,true],"medium_large":["https:\/\/vivauralb.com\/wp-content\/uploads\/2024\/10\/img_3375.jpeg",603,819,false],"large":["https:\/\/vivauralb.com\/wp-content\/uploads\/2024\/10\/img_3375.jpeg",603,819,false],"1536x1536":["https:\/\/vivauralb.com\/wp-content\/uploads\/2024\/10\/img_3375.jpeg",603,819,false],"2048x2048":["https:\/\/vivauralb.com\/wp-content\/uploads\/2024\/10\/img_3375.jpeg",603,819,false],"trp-custom-language-flag":["https:\/\/vivauralb.com\/wp-content\/uploads\/2024\/10\/img_3375-9x12.jpeg",9,12,true],"woocommerce_thumbnail":["https:\/\/vivauralb.com\/wp-content\/uploads\/2024\/10\/img_3375-300x300.jpeg",300,300,true],"woocommerce_single":["https:\/\/vivauralb.com\/wp-content\/uploads\/2024\/10\/img_3375-600x815.jpeg",600,815,true],"woocommerce_gallery_thumbnail":["https:\/\/vivauralb.com\/wp-content\/uploads\/2024\/10\/img_3375-100x100.jpeg",100,100,true],"dgwt-wcas-product-suggestion":["https:\/\/vivauralb.com\/wp-content\/uploads\/2024\/10\/img_3375-64x87.jpeg",64,87,true]},"uagb_author_info":{"display_name":"Vivaura","author_link":"https:\/\/vivauralb.com\/ar\/author\/"},"uagb_comment_info":0,"uagb_excerpt":"\u0647\u0630\u0627 \u0627\u0644\u0639\u0631\u0636 \u064a\u0634\u0645\u0644 \u0645\u0646\u062a\u062c\u064a\u0646 \u0633\u0627\u0626\u0644\u064a\u0646 \u0644\u0644\u0623\u0637\u0641\u0627\u0644: Ocean Portakal (\u0646\u0643\u0647\u0629 \u0627\u0644\u0628\u0631\u062a\u0642\u0627\u0644) Ocean \u0130munol Ball\u0131 \u00c7ilek (\u0628\u0637\u0639\u0645 \u0627\u0644\u0639\u0633\u0644 \u0648\u0627\u0644\u0641\u0631\u0627\u0648\u0644\u0629) \u0643\u0644\u0627\u0647\u0645\u0627 \u0645\u0643\u0645\u0644\u0627\u0646 \u063a\u0630\u0627\u0626\u064a\u0627\u0646 [&hellip;]","jetpack_sharing_enabled":true,"_links":{"self":[{"href":"https:\/\/vivauralb.com\/ar\/wp-json\/wp\/v2\/product\/6195","targetHints":{"allow":["GET"]}}],"collection":[{"href":"https:\/\/vivauralb.com\/ar\/wp-json\/wp\/v2\/product"}],"about":[{"href":"https:\/\/vivauralb.com\/ar\/wp-json\/wp\/v2\/types\/product"}],"replies":[{"embeddable":true,"href":"https:\/\/vivauralb.com\/ar\/wp-json\/wp\/v2\/comments?post=6195"}],"wp:featuredmedia":[{"embeddable":true,"href":"https:\/\/vivauralb.com\/ar\/wp-json\/wp\/v2\/media\/6194"}],"wp:attachment":[{"href":"https:\/\/vivauralb.com\/ar\/wp-json\/wp\/v2\/media?parent=6195"}],"wp:term":[{"taxonomy":"product_brand","embeddable":true,"href":"https:\/\/vivauralb.com\/ar\/wp-json\/wp\/v2\/product_brand?post=6195"},{"taxonomy":"product_cat","embeddable":true,"href":"https:\/\/vivauralb.com\/ar\/wp-json\/wp\/v2\/product_cat?post=6195"},{"taxonomy":"product_tag","embeddable":true,"href":"https:\/\/vivauralb.com\/ar\/wp-json\/wp\/v2\/product_tag?post=6195"}],"curies":[{"name":"wp","href":"https:\/\/api.w.org\/{rel}","templated":true}]}}